{"id":15,"date":"2021-08-06T11:14:31","date_gmt":"2021-08-06T11:14:31","guid":{"rendered":"https:\/\/nt-frontend.smartbit-solutions.de\/?page_id=15"},"modified":"2023-10-13T12:24:19","modified_gmt":"2023-10-13T10:24:19","slug":"cookie-policy","status":"publish","type":"page","link":"https:\/\/www.nuernberg-tours.de\/de\/cookie-policy\/","title":{"rendered":"Cookie Policy"},"content":{"rendered":"<div class=\"vc_row wpb_row vc_row-fluid\"><div class=\"wpb_column vc_column_container vc_col-sm-12\"><div class=\"vc_column-inner\"><div class=\"wpb_wrapper\"><h3 style=\"font-size: 45px;text-align: left;font-family:Roboto;font-weight:400;font-style:normal\" class=\"vc_custom_heading\" >Cookie-Richtlinie<\/h3><\/div><\/div><\/div><\/div><div class=\"vc_row wpb_row vc_row-fluid\"><div class=\"wpb_column vc_column_container vc_col-sm-12\"><div class=\"vc_column-inner\"><div class=\"wpb_wrapper\">\n\t<div class=\"wpb_text_column wpb_content_element \" >\n\t\t<div class=\"wpb_wrapper\">\n\t\t\t<p>Ein Cookie, auch bekannt als HTTP-Cookie, Web-Cookie oder Browser-Cookie, ist ein kleiner Datensatz, den unsere Webseite auf Ihrem Browser speichert, um sich an Ihre Pr\u00e4ferenzen und Aktionen zu erinnern. Diese Informationen erm\u00f6glichen uns eine bessere Benutzererfahrung und dienen verschiedenen Zwecken:<\/p>\n<p>&nbsp;<\/p>\n<p>&nbsp;<\/p>\n<ol>\n<li><strong>Personalisierung<\/strong>: Cookies helfen uns, Ihnen personalisierte Inhalte und Dienste entsprechend Ihren Interessen bereitzustellen.<\/li>\n<li><strong>Sitzungsverwaltung<\/strong>: Wir verwenden Sitzungscookies, um sicherzustellen, dass Sie w\u00e4hrend Ihres Besuchs angemeldet bleiben und reibungslos navigieren k\u00f6nnen.<\/li>\n<li><strong>Leistungsverbesserung<\/strong>: Analyse-Cookies erm\u00f6glichen es uns, das Nutzerverhalten zu verstehen und unsere Webseite zu optimieren.<\/li>\n<li><strong>Werbung und Marketing<\/strong>: Marketing-Cookies werden genutzt, um relevante Werbung basierend auf Ihren Interessen anzuzeigen.<\/li>\n<\/ol>\n<p>&nbsp;<\/p>\n<p>&nbsp;<\/p>\n<p>Bitte beachten Sie, dass wir Cookies nicht verwenden, um pers\u00f6nliche Informationen ohne Ihre Zustimmung zu sammeln. Sie k\u00f6nnen die Verwendung von Cookies in Ihren Browsereinstellungen anpassen oder ablehnen. Wenn Sie Cookies deaktivieren, k\u00f6nnte dies jedoch Auswirkungen auf Ihre Nutzungserfahrung haben.<\/p>\n<p>&nbsp;<\/p>\n<p>&nbsp;<\/p>\n<p>Indem Sie unsere Webseite nutzen, stimmen Sie der Verwendung von Cookies gem\u00e4\u00df unserer Cookie-Richtlinie zu.<\/p>\n<p>F\u00fcr weitere Informationen lesen Sie bitte unsere vollst\u00e4ndige <a href=\"https:\/\/nt-frontend.smartbit-solutions.de\/datenschutz\/\">Datenschutzrichtlinie<\/a>.<\/p>\n\n\t\t<\/div>\n\t<\/div>\n<\/div><\/div><\/div><\/div>\n","protected":false},"excerpt":{"rendered":"<p>Cookie-Richtlinie Ein Cookie, auch bekannt als HTTP-Cookie, Web-Cookie oder Browser-Cookie, ist ein kleiner Datensatz, den unsere Webseite auf Ihrem Browser speichert, um sich an Ihre Pr\u00e4ferenzen und Aktionen zu erinnern. Diese Informationen erm\u00f6glichen uns eine bessere Benutzererfahrung und dienen verschiedenen Zwecken: &nbsp; &nbsp; Personalisierung: Cookies helfen uns, Ihnen personalisierte Inhalte und Dienste entsprechend Ihren Interessen&hellip;<\/p>\n","protected":false},"author":1,"featured_media":0,"parent":0,"menu_order":0,"comment_status":"closed","ping_status":"closed","template":"","meta":[],"class_list":["post-15","page","type-page","status-publish","hentry","description-off"],"_links":{"self":[{"href":"https:\/\/www.nuernberg-tours.de\/de\/wp-json\/wp\/v2\/pages\/15","targetHints":{"allow":["GET"]}}],"collection":[{"href":"https:\/\/www.nuernberg-tours.de\/de\/wp-json\/wp\/v2\/pages"}],"about":[{"href":"https:\/\/www.nuernberg-tours.de\/de\/wp-json\/wp\/v2\/types\/page"}],"author":[{"embeddable":true,"href":"https:\/\/www.nuernberg-tours.de\/de\/wp-json\/wp\/v2\/users\/1"}],"replies":[{"embeddable":true,"href":"https:\/\/www.nuernberg-tours.de\/de\/wp-json\/wp\/v2\/comments?post=15"}],"version-history":[{"count":3,"href":"https:\/\/www.nuernberg-tours.de\/de\/wp-json\/wp\/v2\/pages\/15\/revisions"}],"predecessor-version":[{"id":202,"href":"https:\/\/www.nuernberg-tours.de\/de\/wp-json\/wp\/v2\/pages\/15\/revisions\/202"}],"wp:attachment":[{"href":"https:\/\/www.nuernberg-tours.de\/de\/wp-json\/wp\/v2\/media?parent=15"}],"curies":[{"name":"wp","href":"https:\/\/api.w.org\/{rel}","templated":true}]}}