{"id":24,"date":"2021-08-06T12:33:48","date_gmt":"2021-08-06T12:33:48","guid":{"rendered":"https:\/\/nt-frontend.smartbit-solutions.de\/?page_id=24"},"modified":"2024-02-12T14:00:46","modified_gmt":"2024-02-12T13:00:46","slug":"links","status":"publish","type":"page","link":"https:\/\/www.nuernberg-tours.de\/de\/links\/","title":{"rendered":"Links"},"content":{"rendered":"\n<style>\n    .link-row\n    {\n        display: flex;\n        background-color: whitesmoke;\n        padding: 15px;\n        margin-bottom: 15px;\n        align-items: center;\n        text-decoration: none !important;\n    }\n    .link-row .name\n    {\n        display: block;\n        flex-grow: 1;\n        font-size: 16pt;\n        line-height: 40px;\n    }\n    .link-row img\n    {\n        flex-grow: 1;\n        max-width: 200px;\n        max-height: 100px;\n    }\n<\/style>\n<div class=\"col-md-7\">\n    <a href=\"https:\/\/kpz-nuernberg.de\/\" target=\"_blank\" class=\"link-row\" rel=\"noopener\">\n        <span class=\"name\">Kunst- und Kulturp\u00e4dagogisches Zentrum der Museen in N\u00fcrnberg (KPZ)<br>Congress- und Tourismuszentrale N\u00fcrnberg<\/span>\n        <img decoding=\"async\" src=\"https:\/\/www.nuernberg-tours.de\/wp-content\/uploads\/images\/links\/kpz_nuernberg.png\">\n    <\/a>\n\n    <a href=\"http:\/\/www.nuernberg.de\/\" target=\"_blank\" class=\"link-row\" rel=\"noopener\">\n        <span class=\"name\">Stadt N\u00fcrnberg<\/span>\n        <img decoding=\"async\" src=\"https:\/\/www.nuernberg-tours.de\/wp-content\/uploads\/images\/links\/stadt_nuernberg.png\">\n    <\/a>\n\n    <a href=\"https:\/\/www.rentabike-nuernberg.de\/\" target=\"_blank\" class=\"link-row\" rel=\"noopener\">\n        <span class=\"name\">rent a bike<\/span>\n        <img decoding=\"async\" src=\"https:\/\/www.nuernberg-tours.de\/wp-content\/uploads\/images\/links\/rentabike.gif\">\n    <\/a>\n\n    <a href=\"http:\/\/www.bvgd.org\/\" target=\"_blank\" class=\"link-row\" rel=\"noopener\">\n        <span class=\"name\">Bundesverband der G\u00e4stef\u00fchrer in Deutschland e.V. (BVGD)<\/span>\n        <img decoding=\"async\" src=\"https:\/\/www.nuernberg-tours.de\/wp-content\/uploads\/images\/links\/bvgd.png\">\n    <\/a>\n\n    <a href=\"https:\/\/www.unterwelten-nuernberg.de\/\" target=\"_blank\" class=\"link-row\" rel=\"noopener\">\n        <span class=\"name\">F\u00f6rderverein N\u00fcrnberger Felseng\u00e4nge e.V.<\/span>\n        <img decoding=\"async\" src=\"https:\/\/www.nuernberg-tours.de\/wp-content\/uploads\/images\/links\/unterwelten.png\">\n    <\/a>\n\n    <a href=\"https:\/\/www.tessloff.com\/\" target=\"_blank\" class=\"link-row\" rel=\"noopener\">\n        <span class=\"name\">Tessloff Verlag, N\u00fcrnberg<\/span>\n        <img decoding=\"async\" src=\"https:\/\/www.nuernberg-tours.de\/wp-content\/uploads\/images\/links\/tessloff.svg\">\n    <\/a>\n\n    <a href=\"http:\/\/www.erlangen.de\/\" target=\"_blank\" class=\"link-row\" rel=\"noopener\">\n        <span class=\"name\">Stadt Erlangen<\/span>\n        <img decoding=\"async\" src=\"https:\/\/www.nuernberg-tours.de\/wp-content\/uploads\/images\/links\/stadt_erlangen.svg\">\n    <\/a>\n    \n    <a href=\"http:\/\/www.fuerth.de\/\" target=\"_blank\" class=\"link-row\" rel=\"noopener\">\n        <span class=\"name\">Stadt F\u00fcrth<\/span>\n        <img decoding=\"async\" src=\"https:\/\/www.nuernberg-tours.de\/wp-content\/uploads\/images\/links\/stadt_fuerth.svg\">\n    <\/a>\n\n    <a href=\"https:\/\/www.bahn.de\/\" target=\"_blank\" class=\"link-row\" rel=\"noopener\">\n        <span class=\"name\">Fahrplanauskunft f\u00fcr Anreise mit Bahn<\/span>\n        <img decoding=\"async\" src=\"https:\/\/www.nuernberg-tours.de\/wp-content\/uploads\/images\/links\/db.svg\">\n    <\/a>\n<\/div>\n","protected":false},"excerpt":{"rendered":"<p>Kunst- und Kulturp\u00e4dagogisches Zentrum der Museen in N\u00fcrnberg (KPZ)Congress- und Tourismuszentrale N\u00fcrnberg Stadt N\u00fcrnberg rent a bike Bundesverband der G\u00e4stef\u00fchrer in Deutschland e.V. (BVGD) F\u00f6rderverein N\u00fcrnberger Felseng\u00e4nge e.V. Tessloff Verlag, N\u00fcrnberg Stadt Erlangen Stadt F\u00fcrth Fahrplanauskunft f\u00fcr Anreise mit Bahn<\/p>\n","protected":false},"author":1,"featured_media":0,"parent":0,"menu_order":0,"comment_status":"closed","ping_status":"closed","template":"","meta":[],"class_list":["post-24","page","type-page","status-publish","hentry","description-off"],"_links":{"self":[{"href":"https:\/\/www.nuernberg-tours.de\/de\/wp-json\/wp\/v2\/pages\/24","targetHints":{"allow":["GET"]}}],"collection":[{"href":"https:\/\/www.nuernberg-tours.de\/de\/wp-json\/wp\/v2\/pages"}],"about":[{"href":"https:\/\/www.nuernberg-tours.de\/de\/wp-json\/wp\/v2\/types\/page"}],"author":[{"embeddable":true,"href":"https:\/\/www.nuernberg-tours.de\/de\/wp-json\/wp\/v2\/users\/1"}],"replies":[{"embeddable":true,"href":"https:\/\/www.nuernberg-tours.de\/de\/wp-json\/wp\/v2\/comments?post=24"}],"version-history":[{"count":11,"href":"https:\/\/www.nuernberg-tours.de\/de\/wp-json\/wp\/v2\/pages\/24\/revisions"}],"predecessor-version":[{"id":228,"href":"https:\/\/www.nuernberg-tours.de\/de\/wp-json\/wp\/v2\/pages\/24\/revisions\/228"}],"wp:attachment":[{"href":"https:\/\/www.nuernberg-tours.de\/de\/wp-json\/wp\/v2\/media?parent=24"}],"curies":[{"name":"wp","href":"https:\/\/api.w.org\/{rel}","templated":true}]}}