{"id":30,"date":"2021-08-06T12:36:56","date_gmt":"2021-08-06T12:36:56","guid":{"rendered":"https:\/\/nt-frontend.smartbit-solutions.de\/?page_id=30"},"modified":"2026-03-10T11:49:51","modified_gmt":"2026-03-10T10:49:51","slug":"uber-uns","status":"publish","type":"page","link":"https:\/\/www.nuernberg-tours.de\/de\/uber-uns\/","title":{"rendered":"\u00dcber uns"},"content":{"rendered":"<div class=\"vc_row wpb_row vc_row-fluid\"><div class=\"wpb_column vc_column_container vc_col-sm-7\"><div class=\"vc_column-inner\"><div class=\"wpb_wrapper\"><h2 style=\"font-size: 35px;text-align: left;font-family:Roboto;font-weight:400;font-style:normal\" class=\"vc_custom_heading vc_custom_1773073781649\" >Ihre G\u00e4stef\u00fchrer f\u00fcr N\u00fcrnberg<\/h2>\n\t<div class=\"wpb_text_column wpb_content_element \" >\n\t\t<div class=\"wpb_wrapper\">\n\t\t\t<h3><strong>Stadtf\u00fchrung in N\u00fcrnberg \u2013 individuell, professionell, pers\u00f6nlich<\/strong><\/h3>\n<p>Erleben Sie N\u00fcrnberg mit erfahrenen G\u00e4stef\u00fchrerinnen und G\u00e4stef\u00fchrern. Wir bieten <strong>Stadtf\u00fchrungen f\u00fcr Gruppen, Reiseveranstalter und Einzelg\u00e4ste<\/strong> \u2013 lebendig, informativ und nach Ihren W\u00fcnschen gestaltet. Entdecken Sie die Altstadt, historische Pl\u00e4tze und verborgene Geschichten N\u00fcrnbergs auf authentische Weise.<\/p>\n<p>_____________________________________________________________________________________________________<\/p>\n<h3><strong>Unsere Leistungen f\u00fcr N\u00fcrnberg-Besucher<br \/>\n<\/strong><\/h3>\n<ul>\n<li><strong>T\u00e4gliche Stadtf\u00fchrungen \u2013 direkt online buchbar<br \/>\n<\/strong>Teilnahme auch ohne eigene Gruppe m\u00f6glich. Onlinebuchung rund um die Uhr mit sofortiger Best\u00e4tigung und optionaler R\u00fccktrittsversicherung.<\/li>\n<li><strong>Altstadtf\u00fchrungen &amp; Themenf\u00fchrungen:<br \/>\n<\/strong>Entdecken Sie N\u00fcrnbergs Geschichte, Kultur und besondere Geschichten.<\/li>\n<li><strong>F\u00fchrungen in \u00fcber 20 Sprachen:<\/strong><br \/>\nF\u00fcr internationale G\u00e4ste komfortabel in der Muttersprache.<\/li>\n<li><strong>Individuelle Programme:<\/strong><br \/>\nStadtf\u00fchrungen, Bustouren oder kombinierte Rundfahrten.<\/li>\n<li><strong>Gruppen- und Reiseveranstalter-Service:<\/strong><br \/>\nPerfekt f\u00fcr Busreisen, Vereinsausfl\u00fcge oder Firmenveranstaltungen.<\/li>\n<li><strong>Abholung am Hotel oder Treffpunkt:<br \/>\n<\/strong>Komfortabel starten \u2013 wir organisieren alles f\u00fcr Sie.<\/li>\n<\/ul>\n<p>_____________________________________________________________________________________________________<\/p>\n<h3><strong>Warum unsere Stadtf\u00fchrer?<\/strong><\/h3>\n<p>Unsere Vereinsmitglieder sind <strong>ausgebildete und gepr\u00fcfte G\u00e4stef\u00fchrerinnen und G\u00e4stef\u00fchrer<\/strong>, die sich regelm\u00e4\u00dfig fortbilden. Durch neue Themenf\u00fchrungen erweitern wir kontinuierlich unser Wissen \u00fcber N\u00fcrnberg \u2013 f\u00fcr spannende, lebendige und aktuelle F\u00fchrungen.<\/p>\n<p>_____________________________________________________________________________________________________<\/p>\n<h3><strong>Gruppenf\u00fchrungen &amp; Busreisen<\/strong><\/h3>\n<p>Wir planen Ihre F\u00fchrung nach Zeitplan, Gruppengr\u00f6\u00dfe und Interessen. F\u00fcr gr\u00f6\u00dfere Gruppen\u00a0 stehen mehrere G\u00e4stef\u00fchrerinnen und G\u00e4stef\u00fchrer gleichzeitig zur Verf\u00fcgung. Wir begleiten auch Busreisen zu bekannten Zielen au\u00dferhalb der Altstadt, z.B. zum ehemaligen Reichsparteitagsgel\u00e4nde.<\/p>\n<p>_____________________________________________________________________________________________________<\/p>\n<h3><strong>Kontakt &amp; Beratung<\/strong><\/h3>\n<p>Planen Sie Ihre Stadtf\u00fchrung in N\u00fcrnberg mit uns \u2013 wir beraten Sie pers\u00f6nlich:<br \/>\n<strong>Telefon:<\/strong> +49 (0)170 141 1223<br \/>\n<strong>E-Mail:<\/strong> info@nuernberg-tours.de<br \/>\nOder wenden Sie sich direkt an unsere G\u00e4stef\u00fchrerinnen und G\u00e4stef\u00fchrer. Kontaktdaten finden Sie bei den jeweiligen Tourangeboten.<\/p>\n<p>_____________________________________________________________________________________________________<\/p>\n<h3><strong>Wir freuen uns auf Sie<\/strong><\/h3>\n<p>Erleben Sie N\u00fcrnberg mit Menschen, die die Stadt kennen und lieben. Wir machen Ihren Besuch informativ, interessant und unvergesslich.<\/p>\n\n\t\t<\/div>\n\t<\/div>\n<\/div><\/div><\/div><div class=\"wpb_column vc_column_container vc_col-sm-4\"><div class=\"vc_column-inner\"><div class=\"wpb_wrapper\"><h2 style=\"font-size: 30px;text-align: center;font-family:Roboto;font-weight:400;font-style:normal\" class=\"vc_custom_heading\" >Herzlich willkommen!<\/h2>\n\t<div  class=\"wpb_single_image wpb_content_element vc_align_right\">\n\t\t\n\t\t<figure class=\"wpb_wrapper vc_figure\">\n\t\t\t<div class=\"vc_single_image-wrapper   vc_box_border_grey\"><img loading=\"lazy\" decoding=\"async\" class=\"vc_single_image-img \" src=\"https:\/\/www.nuernberg-tours.de\/wp-content\/uploads\/2021\/08\/csm_image-jpeg-attachment_a6409f3883-600x400.jpg\" width=\"600\" height=\"400\" alt=\"Gruppenbild\" title=\"csm_image-jpeg-attachment_a6409f3883\"  data-dt-location=\"https:\/\/www.nuernberg-tours.de\/de\/uber-uns\/csm_image-jpeg-attachment_a6409f3883\/\" \/><\/div>\n\t\t<\/figure>\n\t<\/div>\n<\/div><\/div><\/div><\/div>\n","protected":false},"excerpt":{"rendered":"<p>Ihre G\u00e4stef\u00fchrer f\u00fcr N\u00fcrnberg Stadtf\u00fchrung in N\u00fcrnberg \u2013 individuell, professionell, pers\u00f6nlich Erleben Sie N\u00fcrnberg mit erfahrenen G\u00e4stef\u00fchrerinnen und G\u00e4stef\u00fchrern. Wir bieten Stadtf\u00fchrungen f\u00fcr Gruppen, Reiseveranstalter und Einzelg\u00e4ste \u2013 lebendig, informativ und nach Ihren W\u00fcnschen gestaltet. Entdecken Sie die Altstadt, historische Pl\u00e4tze und verborgene Geschichten N\u00fcrnbergs auf authentische Weise. _____________________________________________________________________________________________________ Unsere Leistungen f\u00fcr N\u00fcrnberg-Besucher T\u00e4gliche Stadtf\u00fchrungen&hellip;<\/p>\n","protected":false},"author":1,"featured_media":0,"parent":0,"menu_order":0,"comment_status":"closed","ping_status":"closed","template":"","meta":[],"class_list":["post-30","page","type-page","status-publish","hentry","description-off"],"_links":{"self":[{"href":"https:\/\/www.nuernberg-tours.de\/de\/wp-json\/wp\/v2\/pages\/30","targetHints":{"allow":["GET"]}}],"collection":[{"href":"https:\/\/www.nuernberg-tours.de\/de\/wp-json\/wp\/v2\/pages"}],"about":[{"href":"https:\/\/www.nuernberg-tours.de\/de\/wp-json\/wp\/v2\/types\/page"}],"author":[{"embeddable":true,"href":"https:\/\/www.nuernberg-tours.de\/de\/wp-json\/wp\/v2\/users\/1"}],"replies":[{"embeddable":true,"href":"https:\/\/www.nuernberg-tours.de\/de\/wp-json\/wp\/v2\/comments?post=30"}],"version-history":[{"count":24,"href":"https:\/\/www.nuernberg-tours.de\/de\/wp-json\/wp\/v2\/pages\/30\/revisions"}],"predecessor-version":[{"id":667,"href":"https:\/\/www.nuernberg-tours.de\/de\/wp-json\/wp\/v2\/pages\/30\/revisions\/667"}],"wp:attachment":[{"href":"https:\/\/www.nuernberg-tours.de\/de\/wp-json\/wp\/v2\/media?parent=30"}],"curies":[{"name":"wp","href":"https:\/\/api.w.org\/{rel}","templated":true}]}}