{"id":378,"date":"2025-10-02T13:01:25","date_gmt":"2025-10-02T11:01:25","guid":{"rendered":"https:\/\/www.nuernberg-tours.de\/?page_id=378"},"modified":"2025-10-14T13:10:56","modified_gmt":"2025-10-14T11:10:56","slug":"erklaerung-zur-barrierefreiheit","status":"publish","type":"page","link":"https:\/\/www.nuernberg-tours.de\/de\/erklaerung-zur-barrierefreiheit\/","title":{"rendered":"Barrierefreiheit"},"content":{"rendered":"<h1 class=\"wp-block-heading\">Erkl\u00e4rung zur Barrierefreiheit<\/h1>\n<!-- \/wp:post-content -->\n\n<!-- wp:paragraph -->\n\nWir von N\u00fcrnberg Tours haben das Ziel, den Webauftritt unter <strong>nuernberg-tours.de<\/strong> zu gestalten. Das geschieht im Einklang mit der Verordnung \u00fcber die Digitalisierung im Freistaat Bayern (BayDiV). Diese Erkl\u00e4rung zur Barrierefreiheit gilt f\u00fcr die Internetseiten <strong>nuernberg-tours.de<\/strong>.\n\n<!-- \/wp:paragraph -->\n\n<!-- wp:paragraph \/-->\n\n<!-- wp:heading -->\n<h2 class=\"wp-block-heading\">Erstellung dieser Erkl\u00e4rung zur Barrierefreiheit<\/h2>\n<!-- \/wp:heading -->\n\n<!-- wp:paragraph -->\n\nDiese Erkl\u00e4rung wurde erstmals erstellt am: 2. Oktober 2025\nDiese Erkl\u00e4rung wurde zuletzt \u00fcberpr\u00fcft und aktualisiert am: 2. Oktober 2025\nAls Methodik der Pr\u00fcfung wurde angewandt: BITV-Selbsttest\n\n<!-- \/wp:paragraph -->\n\n<!-- wp:paragraph \/-->\n\n<!-- wp:heading -->\n<h2 class=\"wp-block-heading\">Stand der Vereinbarkeit mit den Anforderungen<\/h2>\n<!-- \/wp:heading -->\n\n<!-- wp:paragraph -->\n\nDie Anforderungen der Barrierefreiheit ergeben sich aus \u00a7\u00a7 3 Abs\u00e4tze 1 bis 4 und 4 der Barrierefreie-Informationstechnik-Verordnung (BITV) 2.0, die auf der Grundlage von \u00a7 12d Gesetz zur Gleichstellung von Menschen mit Behinderungen (BGG) erlassen wurde.\nDie Barrierefreiheit der Webseite <strong>nuernberg-tours.de<\/strong> wurde in einem BITV-Selbsttest durch einen externen Dienstleister auf Grundlage der BITV 2.0 sowie der Bayerischen Digitalverordnung (BayDiV) gepr\u00fcft unter Ber\u00fccksichtigung der Anforderungen der Web Content Accessibility Guidelines (WCAG) 2.1.\n\n<!-- \/wp:paragraph -->\n\n<!-- wp:heading -->\n<h2 class=\"wp-block-heading\">Nicht barrierefreie Inhalte<\/h2>\n<!-- \/wp:heading -->\n\n<!-- wp:paragraph -->\n\nDie nachstehenden Inhalte sind aktuell noch nicht vollst\u00e4ndig barrierefrei:\n\n<!-- \/wp:paragraph -->\n\n<!-- wp:list -->\n<ul class=\"wp-block-list\">\n \t<li>Nicht alle Bilder besitzen einen Beschreibungstext<\/li>\n \t<li>Tastatursteuerung ist eingeschr\u00e4nkt bei Termine Buchen<\/li>\n \t<li>Die Formulare sind noch nicht barrierefrei<\/li>\n \t<li>Wir unterst\u00fctzen die g\u00e4ngigen Browser (Chrome, Safari, Firefox, Edge) in der aktuellen Version. Bei \u00e4lteren oder abweichenden Browsern k\u00f6nnen Fehler auftreten.<\/li>\n<\/ul>\n<!-- wp:paragraph -->\n\nWir arbeiten stetig daran, alle Inhalte vollst\u00e4ndig barrierefrei und zug\u00e4nglich f\u00fcr alle zu gestalten.\n\n<!-- \/wp:paragraph -->\n\n<!-- wp:paragraph \/-->\n\n<!-- wp:heading -->\n<h2 class=\"wp-block-heading\">Barriere melden: R\u00fcckmeldung zur Barrierefreiheit und Kontaktdaten<\/h2>\n<!-- \/wp:heading -->\n\n<!-- wp:paragraph -->\n\nSind Ihnen M\u00e4ngel beim barrierefreien Zugang zu Inhalten dieser Website aufgefallen? Dann k\u00f6nnen Sie uns gerne per Email, Post oder telefonisch kontaktieren:\n\nVerein der G\u00e4stef\u00fchrer N\u00fcrnbergs \u201eDie Stadtf\u00fchrer\u201c e.V.\nSpitalgasse 22\n90403 N\u00fcrnberg\nTelefon: 0170 \/ 1411223\nEmail: <a href=\"mailto:info@nuernberg-tours.de\">info@nuernberg-tours.de<\/a>\n\n<!-- \/wp:paragraph -->\n\n<!-- wp:paragraph \/-->\n\n<!-- wp:heading -->\n<h2 class=\"wp-block-heading\">Durchsetzungsverfahren<\/h2>\n<!-- \/wp:heading -->\n\n<!-- wp:paragraph -->\n\nWenn Sie innerhalb von sechs Wochen keine Antwort auf Ihre eingereichte Anfrage zur Barrierefreiheit erhalten haben, k\u00f6nnen Sie beim <strong>Landesamt f\u00fcr Digitalisierung, Breitband und Vermessung (LDBV)<\/strong> als zust\u00e4ndige Durchsetzungsstelle einen Antrag auf Pr\u00fcfung der Einhaltung der Anforderungen an die Barrierefreiheit stellen. Das Landesamt pr\u00fcft auf Ihren Antrag, ob Ma\u00dfnahmen f\u00fcr den Betreiber der Internetseite erforderlich sind.\n\nAntrag online stellen: <a href=\"https:\/\/formularserver.bayern.de\/intelliform\/forms\/rzsued\/ldbv\/ldbv\/anforderungen_barrierefreiheit\/index\">Antrag auf Pr\u00fcfung der Einhaltung der Anforderungen an die Barrierefreiheit<\/a>\n\nOder wenden Sie sich an die folgende Adresse:\n\nLandesamt f\u00fcr Digitalisierung, Breitband und Vermessung (LDBV)\nIT-Dienstleistungszentrum des Freistaats Bayern Durchsetzungs- und \u00dcberwachungsstelle f\u00fcr barrierefreie Informationstechnik\nSt.-Martin-Stra\u00dfe 47\n81541 M\u00fcnchen\nE-Mail: <a href=\"mailto:bitv@bayern.de\">bitv@bayern.de<\/a>\nHomepage: <a href=\"https:\/\/www.ldbv.bayern.de\/digitalisierung\">www.ldbv.bayern.de\/digitalisierung<\/a>\n\n<!-- \/wp:paragraph -->\n\n<!-- wp:paragraph \/-->","protected":false},"excerpt":{"rendered":"<p>Erkl\u00e4rung zur Barrierefreiheit Wir von N\u00fcrnberg Tours haben das Ziel, den Webauftritt unter nuernberg-tours.de zu gestalten. Das geschieht im Einklang mit der Verordnung \u00fcber die Digitalisierung im Freistaat Bayern (BayDiV). Diese Erkl\u00e4rung zur Barrierefreiheit gilt f\u00fcr die Internetseiten nuernberg-tours.de. Erstellung dieser Erkl\u00e4rung zur Barrierefreiheit Diese Erkl\u00e4rung wurde erstmals erstellt am: 2. Oktober 2025 Diese Erkl\u00e4rung&hellip;<\/p>\n","protected":false},"author":1,"featured_media":0,"parent":0,"menu_order":0,"comment_status":"closed","ping_status":"closed","template":"","meta":[],"class_list":["post-378","page","type-page","status-publish","hentry","description-off"],"_links":{"self":[{"href":"https:\/\/www.nuernberg-tours.de\/de\/wp-json\/wp\/v2\/pages\/378","targetHints":{"allow":["GET"]}}],"collection":[{"href":"https:\/\/www.nuernberg-tours.de\/de\/wp-json\/wp\/v2\/pages"}],"about":[{"href":"https:\/\/www.nuernberg-tours.de\/de\/wp-json\/wp\/v2\/types\/page"}],"author":[{"embeddable":true,"href":"https:\/\/www.nuernberg-tours.de\/de\/wp-json\/wp\/v2\/users\/1"}],"replies":[{"embeddable":true,"href":"https:\/\/www.nuernberg-tours.de\/de\/wp-json\/wp\/v2\/comments?post=378"}],"version-history":[{"count":25,"href":"https:\/\/www.nuernberg-tours.de\/de\/wp-json\/wp\/v2\/pages\/378\/revisions"}],"predecessor-version":[{"id":421,"href":"https:\/\/www.nuernberg-tours.de\/de\/wp-json\/wp\/v2\/pages\/378\/revisions\/421"}],"wp:attachment":[{"href":"https:\/\/www.nuernberg-tours.de\/de\/wp-json\/wp\/v2\/media?parent=378"}],"curies":[{"name":"wp","href":"https:\/\/api.w.org\/{rel}","templated":true}]}}