{"id":383,"date":"2025-10-02T13:01:58","date_gmt":"2025-10-02T11:01:58","guid":{"rendered":"https:\/\/www.nuernberg-tours.de\/?page_id=383"},"modified":"2025-10-02T13:01:58","modified_gmt":"2025-10-02T11:01:58","slug":"leichte-sprache","status":"publish","type":"page","link":"https:\/\/www.nuernberg-tours.de\/de\/leichte-sprache\/","title":{"rendered":"Leichte Sprache"},"content":{"rendered":"<h1>Leichte Sprache<\/h1>\n<p>&nbsp;<\/p>\n<h2>Willkommen bei N\u00fcrnberg Tours<\/h2>\n<p>Sch\u00f6n, dass Sie unsere Internet-Seite besuchen!<br \/>\nDiese Seite ist in <strong>Leichter Sprache<\/strong>.<br \/>\nSo k\u00f6nnen alle Menschen die Informationen einfach verstehen.<\/p>\n<p>&nbsp;<\/p>\n<h2>Was ist N\u00fcrnberg Tours?<\/h2>\n<p><strong>N\u00fcrnberg Tours<\/strong> bietet <strong>Stadtf\u00fchrungen<\/strong> und <strong>Touren<\/strong> in und um <strong>N\u00fcrnberg<\/strong>.<br \/>\nWir zeigen Ihnen die <strong>sch\u00f6nsten Orte<\/strong> in der Stadt.<br \/>\nSie erfahren viel \u00fcber die Geschichte von <strong>N\u00fcrnberg<\/strong>.<\/p>\n<p>&nbsp;<\/p>\n<h2>Was k\u00f6nnen Sie bei uns machen?<\/h2>\n<ul>\n<li><strong>Stadtf\u00fchrungen<\/strong>: Wir f\u00fchren Sie durch die Stadt und erz\u00e4hlen Ihnen spannende Geschichten.<\/li>\n<li><strong>Themen-Touren<\/strong>: Zum Beispiel eine Tour zu den <strong>Burgen<\/strong> oder eine <strong>Kulinarik-Tour<\/strong>.<\/li>\n<li><strong>F\u00fchrungen f\u00fcr Gruppen<\/strong>: Wenn Sie mit einer Gruppe unterwegs sind, bieten wir F\u00fchrungen f\u00fcr Gruppen an.<\/li>\n<\/ul>\n<p>&nbsp;<\/p>\n<h2>Wie k\u00f6nnen Sie eine Tour buchen?<\/h2>\n<ul>\n<li><strong>Buchen<\/strong> k\u00f6nnen Sie direkt auf unserer Internet-Seite.<\/li>\n<li>Sie k\u00f6nnen uns auch anrufen oder eine <strong>E-Mail<\/strong> schicken.<\/li>\n<li>Wir helfen Ihnen gerne bei der Buchung Ihrer Tour.<\/li>\n<\/ul>\n<p>&nbsp;<\/p>\n<h2>Unsere Adresse<\/h2>\n<p><strong>Verein der G\u00e4stef\u00fchrer N\u00fcrnbergs \u201eDie Stadtf\u00fchrer\u201c e.V.<br \/>\n<\/strong>Spitalgasse 22<br \/>\n90403 N\u00fcrnberg<\/p>\n<p>Telefon: 0170 \/ 1411223<br \/>\nE-Mail: <a href=\"mailto:info@nuernberg-tours.de\">info@nuernberg-tours.de<\/a><\/p>\n<p>&nbsp;<\/p>\n<h2>Haben Sie Fragen?<\/h2>\n<p>Wenn Sie Fragen haben, rufen Sie uns an.<br \/>\nOder schreiben Sie uns eine E-Mail.<br \/>\nWir beantworten alle Ihre Fragen.<\/p>\n<p><strong>Wir freuen uns, Ihnen N\u00fcrnberg zu zeigen!<\/strong><\/p>\n","protected":false},"excerpt":{"rendered":"<p>Leichte Sprache &nbsp; Willkommen bei N\u00fcrnberg Tours Sch\u00f6n, dass Sie unsere Internet-Seite besuchen! Diese Seite ist in Leichter Sprache. So k\u00f6nnen alle Menschen die Informationen einfach verstehen. &nbsp; Was ist N\u00fcrnberg Tours? N\u00fcrnberg Tours bietet Stadtf\u00fchrungen und Touren in und um N\u00fcrnberg. Wir zeigen Ihnen die sch\u00f6nsten Orte in der Stadt. Sie erfahren viel \u00fcber&hellip;<\/p>\n","protected":false},"author":1,"featured_media":0,"parent":0,"menu_order":0,"comment_status":"closed","ping_status":"closed","template":"","meta":[],"class_list":["post-383","page","type-page","status-publish","hentry","description-off"],"_links":{"self":[{"href":"https:\/\/www.nuernberg-tours.de\/de\/wp-json\/wp\/v2\/pages\/383","targetHints":{"allow":["GET"]}}],"collection":[{"href":"https:\/\/www.nuernberg-tours.de\/de\/wp-json\/wp\/v2\/pages"}],"about":[{"href":"https:\/\/www.nuernberg-tours.de\/de\/wp-json\/wp\/v2\/types\/page"}],"author":[{"embeddable":true,"href":"https:\/\/www.nuernberg-tours.de\/de\/wp-json\/wp\/v2\/users\/1"}],"replies":[{"embeddable":true,"href":"https:\/\/www.nuernberg-tours.de\/de\/wp-json\/wp\/v2\/comments?post=383"}],"version-history":[{"count":8,"href":"https:\/\/www.nuernberg-tours.de\/de\/wp-json\/wp\/v2\/pages\/383\/revisions"}],"predecessor-version":[{"id":394,"href":"https:\/\/www.nuernberg-tours.de\/de\/wp-json\/wp\/v2\/pages\/383\/revisions\/394"}],"wp:attachment":[{"href":"https:\/\/www.nuernberg-tours.de\/de\/wp-json\/wp\/v2\/media?parent=383"}],"curies":[{"name":"wp","href":"https:\/\/api.w.org\/{rel}","templated":true}]}}