{"id":17,"date":"2021-08-06T11:57:11","date_gmt":"2021-08-06T11:57:11","guid":{"rendered":"https:\/\/nt-frontend.smartbit-solutions.de\/?page_id=17"},"modified":"2025-03-27T14:56:28","modified_gmt":"2025-03-27T13:56:28","slug":"datenschutz","status":"publish","type":"page","link":"https:\/\/www.nuernberg-tours.de\/en\/datenschutz\/","title":{"rendered":"Privacy"},"content":{"rendered":"<div class=\"vc_row wpb_row vc_row-fluid\"><div class=\"wpb_column vc_column_container vc_col-sm-10\"><div class=\"vc_column-inner\"><div class=\"wpb_wrapper\"><h2 style=\"font-size: 45px;text-align: left;font-family:Roboto;font-weight:400;font-style:normal\" class=\"vc_custom_heading vc_custom_1628495861121\" >Privacy<\/h2>\n\t<div class=\"wpb_text_column wpb_content_element\" >\n\t\t<div class=\"wpb_wrapper\">\n\t\t\t<div class=\"col-md-7\">\n<div id=\"c121\" class=\"frame frame-default frame-type-text frame-layout-0\">\n<p><strong>Datenschutzerkl\u00e4rung \/ Privacy Policy<\/strong><\/p>\n<p>As the provider of the website www.nuernbergtours.de and the responsible body, the\nassociation of Nuremberg tour guides \"Die\nStadtf\u00fchrer\" e.V. (hereinafter referred to as the\nassociation) takes its obligation to data\nprotection very seriously and designs its\nwebsite in such a way that only as little personal\ndata as necessary is collected, processed and\nused. Under no circumstances will personal\ndata be rented or sold to third parties for\nadvertising purposes. Without the express\nconsent of the visitor, no personal data will be\nused for advertising or marketing purposes.<\/p>\n<p>Access to personal data at the association is\nonly granted to those persons who need this data to carry out their tasks within the\nresponsible body, who are informed about the\nlegal provisions on data protection and who\nhave undertaken to comply with them in\naccordance with the applicable legal provisions\n(Art. 5 of the EU General Data Protection\nRegulation (EU GDPR)). The collection,\nprocessing, use and transmission of the\npersonal data collected takes place, in\naccordance with Article 6 (1) of the EU GDPR,\nonly to the extent necessary for the execution\nof a contractual relationship between the\nassociation, as the responsible body, and the\nvisitor, as the data subject.<\/p>\n<p><strong>Changes in the purpose of processing and data\nuse<\/strong><\/p>\n<p>Since technical progress and organizational\nchanges in the processing methods used may\nchange\/evolve, we reserve the right to further\ndevelop this privacy policy in accordance with\nthe new technical framework conditions. We\ntherefore ask you to check the privacy policy of\nthe association from time to time. If you do not\nagree with the further developments that occur\nover time, you can request in writing, in\naccordance with Article 17 of the EU GDPR, the\ndeletion of data that is not stored on the basis\nof other legal requirements, such as commercial\nor tax retention obligations.<\/p>\n<p><strong>Anonymous data collection<\/strong><\/p>\n<p>In principle, you can visit the websites of the\nresponsible body without telling us who you\nare. We only learn the name of your Internet\nservice provider, the website from which you\nvisit us and the web pages you visit on our site.\nThis information is evaluated for statistical\npurposes. As an individual user, you remain\nanonymous.<\/p>\n<p><strong>Collection and processing of personal data<\/strong><\/p>\n<p>Personal data is only collected if you provide it\nto us of your own accord, for example to\nsubscribe to the newsletter. The responsible\nbody adheres to the requirements of Articles 5\nand 6 of the EU GDPR. As part of the personalized services of the responsible body,\nyour registration data will be processed under\nthe condition of your consent for the purpose\nof sending our newsletter or for the needsbased design of the electronic services offered.\nYou have the option to object to the storage of\nyour personal data at any time. To do so, please\nsend an e-mail to webseite@nuernbergtours.de with the subject \"Unsubscribe from\ndatabases\".<\/p>\n<p>The processing and use of your personal data is\ncarried out in accordance with the\nrequirements of the EU GDPR.<\/p>\n<p><strong>Export and processing of data in countries\noutside the European Economic Area<\/strong><\/p>\n<p>Your personal data will not be exported to\ncountries outside the European Economic Area\n(hereinafter referred to as EEA).<\/p>\n<p>Nevertheless, if you have logged into Facebook\nor have a Twitter account or an Instagram\naccount, personal data may be exported to the\nUSA. For more detailed explanations and ways\nto prevent this data export, please read the\nsection \"Use of Facebook Social Plugins\", or\n\"Use of Twitter\" or \"Use of Instagram Social\nPlugins\" of this privacy policy.<\/p>\n<p>If you have logged in to Google or have a\nYouTube account, personal data may be\nexported to the USA. For more detailed\nexplanations and ways to prevent this data\nexport, please refer to the section \"Use of\nYouTube plugins\".<\/p>\n<p>However, a transfer of personal data to Google\nin the context of the use of analysis programs\nby the responsible body does not take place, as\nyour IP address is only transmitted\nanonymously. Please read the section \"Use of\nanalysis programs\" of this privacy policy.<\/p>\n<p>The service providers engaged by the\nresponsible body are based and operate their IT\ninfrastructure exclusively within the EEA. This\nalso applies to any use of cloud-based services.\nThere are contracts with the service providers that comply with the data protection and data\nsecurity requirements of the EU GDPR. Even in\nthe case of the involvement of external service\nproviders, the association remains the body\nresponsible for processing.<\/p>\n<p><strong>Use and disclosure of personal data<\/strong><\/p>\n<p>The personal data collected within the\nframework of the websites of the responsible\nbody will only be used without your consent for\nthe execution of the contract and the\nprocessing of your enquiries. In addition, your\ndata will only be used for the purposes of\nadvertising and market research by the\nresponsible body if you have given your prior\nconsent. Otherwise, there will be no disclosure\nto other third parties. Of course, you can revoke\nyour consent at any time with effect for the\nfuture.<\/p>\n<p><strong>External links<\/strong><\/p>\n<p>For your information, you will find links on our\npages that refer to third-party sites. If this is not\nobviously recognizable, we would like to point\nout that this is an external link. The responsible\nbody has no influence whatsoever on the\ncontent and design of these pages of other\nproviders. The guarantees of this privacy policy\ntherefore do not apply to external providers.<\/p>\n<p><strong>Use of cookies<\/strong><\/p>\n<p>The responsible entity uses so-called \"cookies\"\nto tailor and optimize the customer's online\nexperience and online time individually. A\ncookie is a text file that is either temporarily\nstored in the computer's memory (\"session\ncookie\") or saved on the hard drive\n(\"persistent\" cookie). For example, cookies\ncontain information about the user's previous\naccesses to the corresponding server or\ninformation about which offers have been\naccessed before. Cookies are not used to\nexecute programs or load viruses onto your\ncomputer. The main purpose of cookies is\nrather to provide a specifically tailored offer to\nthe customer and to make the use of the\nservice as convenient as possible.<\/p>\n<p>The responsible entity uses session cookies as well as persistent cookies.<\/p>\n<p><strong>Session cookies<\/strong><br \/>\nThe responsible entity predominantly uses\n\"session cookies,\" which are not stored on the\ncustomer's hard drive and are deleted when the\nbrowser is closed. Session cookies are used for\nlogin authentication and load balancing\npurposes, where they help distribute system\nload.<\/p>\n<p><strong>Persistent cookies<\/strong><br \/>\nFurthermore, the responsible entity uses\n\"persistent cookies\" to store the personal usage\npreferences that a customer enters when using\nthe services of the responsible entity. This\nenables personalization and improvement of\nthe service. Persistent cookies ensure that the\ncustomer's personal settings are retained when\nthey revisit the responsible entity's website. In\naddition, the service providers commissioned\nby the responsible entity to analyze user\nbehavior use persistent cookies to recognize\nreturning users. These services store the data\ntransmitted by the cookie exclusively in an\nanonymous manner. No correlation with the\ncustomer's IP address is retained.<\/p>\n<p><strong>Avoidance of Cookies<\/strong><br \/>\nVisitors have the option to reject the placement\nof cookies at any time. This is typically done by\nselecting the corresponding option in the\nbrowser settings or by using additional\nprograms. More details can be found in the\nhelp function of the browser being used by the\ncustomer. If the customer decides to disable\ncookies, this may reduce the service's\nfunctionality and have a negative impact on the\nexperience when using the responsible entity's\nservices.<\/p>\n<p><strong>Use of Analytical Programs<\/strong><\/p>\n<p>The responsible entity conducts analyses of its\ncustomers' behavior within the scope of using\nits service, or has these analyses conducted. For\nthis purpose, anonymized or pseudonymized\nusage profiles are created. The creation of\nusage profiles is carried out solely for the\npurpose of continuously improving the service\nprovided by the responsible entity.<\/p>\n<p>As part of web analysis, the responsible entity\nalso uses Google Analytics, a web analytics\nservice provided by Google Inc. The responsible\nentity utilizes Google Analytics with the\n\"_anonymizeIp()\" extension, which shortens IP\naddresses to prevent direct personal\nidentification. Data collection and storage in\nthis context can be objected to at any time with\neffect for the future.<br \/>\nPlease contact\u00a0<a title=\"eMail an Google\" href=\"http:\/\/tools.google.com\/dlpage\/gaoptout?hl=de\" target=\"_blank\" rel=\"noopener\">Google directly &gt;&gt;<\/a><\/p>\n<p>Google instructs its users, such as the\nresponsible entity, to include the following\ninformation in their privacy policies. The\nassociation complies with this request by\nreproducing the following text:<\/p>\n<p><em>\"Google Analytics uses so-called 'cookies',\nwhich are text files stored on your computer\nthat enable an analysis of your use of the\nwebsite. The information generated by the\ncookie about your use of this website (including\nyour IP address) is transmitted to a Google\nserver in the USA and stored there. Google will\nuse this information to evaluate your use of the\nwebsite, to compile reports on website activity\nfor website operators, and to provide other\nservices related to website activity and internet\nusage. Google may also transfer this\ninformation to third parties if required by law or\nif third parties process this data on behalf of\nGoogle. Google will never associate your IP\naddress with other data from Google. You can\nprevent the installation of cookies by adjusting\nyour browser software settings; however,\nplease note that if you do this, you may not be\nable to use all the functions of this website to\ntheir full extent. By using this website, you\nconsent to the processing of data about you by\nGoogle in the manner and for the purposes set\nout above.\"<\/em><\/p>\n<p><strong>Use of Facebook Social Plugins<\/strong><\/p>\n<p>The responsible entity uses Social Plugins\n('Plugins') from the social network\nfacebook.com, which is operated by Facebook\nInc., 1601 S. California Ave, Palo Alto, CA 94304,\nUSA ('Facebook'), on its website. The plugins\nare marked with a Facebook logo. When a\ncustomer visits a website of the responsible\nentity that contains such a plugin, the\ncustomer's browser establishes a direct\nconnection to Facebook's servers. The content\nof the plugin is transmitted directly from\nFacebook to the customer's browser and\nintegrated into the website.<\/p>\n<p>Through the integration of the plugins,\nFacebook receives the information that the\ncustomer has accessed the respective page of\nthe responsible entity's website. If the customer\nis logged into Facebook, Facebook can associate\nthe visit with the customer's Facebook account.\nWhen the customer interacts with the plugins,\nsuch as pressing the 'Like' button or leaving a\ncomment, the corresponding information is\ndirectly transmitted from the customer's\nbrowser to Facebook and stored there. The\npurpose and scope of data collection, as well as\nthe further processing and use of data by\nFacebook, along with the customer's rights and\nprivacy protection settings, are detailed in\nFacebook's privacy policy.<\/p>\n<p>If the customer does not want Facebook to\ncollect data in the manner described above, the\ncustomer must log out from their Facebook\naccount before visiting the responsible entity's\nwebsite.<\/p>\n<p><strong>Use of Twitter<\/strong><\/p>\n<p>The responsible entity uses functions of the\nTwitter service on its website. These functions\nare offered by Twitter Inc., Twitter, Inc. 1355\nMarket St, Suite 900, San Francisco, CA 94103,\nUSA. By using Twitter and the \"Re-Tweet\"\nfunction, the web pages you visit are linked to\nyour Twitter account and shared with other\nusers. Data is also transmitted to Twitter in this\nprocess.<\/p>\n<p>We would like to point out that as the provider\nof these pages, we have no knowledge of the\ncontent of the transmitted data or its use by\nTwitter. For more information, please refer to\nTwitter's privacy policy at:<\/p>\n<p><a href=\"http:\/\/www.twitter.com\/privacy\" target=\"_blank\" rel=\"noopener\">www.twitter.com\/privacy<\/a><\/p>\n<p>You can change your privacy settings on Twitter\nin your account settings under\u00a0<a href=\"http:\/\/www.twitter.com\/account\/settings\" target=\"_blank\" rel=\"noopener\">www.twitter.com\/account\/settings<\/a>\u00a0\u00a0\u00e4ndern.<\/p>\n<h3>Use of Instagram Social Plugins<\/h3>\n<p>The responsible entity uses social plugins\n(\"plugins\") from Instagram on its website, which\nis operated by Instagram LLC<em>.,\u00a0<\/em>1601 Willow Road, Menlo Park, CA 94025, USA\n(\"Instagram\"). The plugins are marked with an\nInstagram logo, for example, in the form of an\n\"Instagram camera.\" An overview of Instagram\nplugins and their appearance can be found\nhere:<\/p>\n<p><a href=\"http:\/\/blog.instagram.com\/post\/36222022872\/introducing-instagram-badges\" target=\"_blank\" rel=\"noopener\">http:\/\/blog.instagram.com\/post\/36222022872\/introducing-instagram-badges<\/a><\/p>\n<p>When you visit a page of our website that\ncontains such a plugin, your browser establishes\na direct connection to Instagram's servers. The\ncontent of the plugin is transmitted directly\nfrom Instagram to your browser and integrated\ninto the page. Through this integration,\nInstagram receives the information that your\nbrowser has accessed the respective page of\nour website, even if you do not have an\nInstagram profile or are not currently logged in\nto Instagram. This information (including your\nIP address) is transmitted from your browser\ndirectly to an Instagram server in the USA and\nstored there.<\/p>\n<p>If you are logged into Instagram, Instagram can\ndirectly associate your visit to our website with\nyour Instagram account. When you interact\nwith the plugins, such as pressing the\n\"Instagram\" button, this information is also\ndirectly transmitted to an Instagram server and\nstored there. The information is also published\non your Instagram account and displayed to\nyour contacts.<\/p>\n<p>For the purpose and scope of data collection, as\nwell as the further processing and use of data\nby Instagram, and your related rights and\nprivacy protection settings, please refer to\nInstagram's privacy policy:<\/p>\n<p><a href=\"https:\/\/help.instagram.com\/155833707900388\/\" target=\"_blank\" rel=\"noopener\">https:\/\/help.instagram.com\/155833707900388\/<\/a><\/p>\n<p>If you do not want Instagram to directly\nassociate the data collected through our\nwebsite with your Instagram account, you must\nlog out from your Instagram account before\nvisiting our website. You can also completely\nprevent the loading of Instagram plugins using\nbrowser add-ons, for example, with the script\nblocker \"NoScript\" (<a href=\"http:\/\/noscript.net\/\" target=\"_blank\" rel=\"noopener\">http:\/\/noscript.net\/<\/a>).<\/p>\n<h3>Use of YouTube Plugins<\/h3>\n<p>The responsible entity uses the provider\nYouTube for embedding videos, among other\nthings. YouTube is operated by YouTube LLC\nwith its main headquarters at 901 Cherry\nAvenue, San Bruno, CA 94066, USA. YouTube is\nrepresented by Google Inc. with its\nheadquarters at 1600 Amphitheatre Parkway,\nMountain View, CA 94043, USA.<\/p>\n<p>The responsible entity uses plugins from the\nprovider YouTube on its website. When you\nvisit our internet presence equipped with a\nYouTube plugin, a connection is established to\nYouTube's servers. As a result, information\nabout which web pages you have visited is\ntransmitted to the YouTube server. If you are\nlogged in as a member on YouTube, YouTube\nassociates this information with your personal\nuser account. When using the plugin, such as\nclicking the start button of a video, this\ninformation is also associated with your user\naccount.<\/p>\n<p>You can prevent this association by logging out\nof your YouTube user account and other user\naccounts of YouTube LLC and Google Inc. before\nusing our website and deleting the\ncorresponding cookies from these companies.<\/p>\n<p>For further information on data processing and\nprivacy policies by YouTube (Google), please\nrefer to:\u00a0<a href=\"http:\/\/www.google.de\/intl\/de\/policies\/privacy\/\" target=\"_blank\" rel=\"noopener\">www.google.de\/intl\/de\/policies\/privacy\/<\/a>.<\/p>\n<p><strong>Further information and contacts<\/strong><\/p>\n<p>If you have further questions regarding \"Data\nProtection at the responsible entity,\" please\ncontact the data protection officer of our\ncompany. You can inquire about which of your\ndata is stored with us. Additionally, you can\nsend requests for information, deletion, and\ncorrection of your data, as well as suggestions,\nat any time via mail or email to the following\naddress:<\/p>\n<p>Verein der G\u00e4stef\u00fchrer N\u00fcrnbergs Die Stadtf\u00fchrer e.V.<br \/>\nMargit Schmidt-Pikulicki<br \/>\nSpitalgasse 22<br \/>\n90403 N\u00fcrnberg<\/p>\n<p>E-Mail: info(at)nuernberg-tours.de<\/p>\n<\/div>\n<\/div>\n\n\t\t<\/div>\n\t<\/div>\n<\/div><\/div><\/div><\/div>","protected":false},"excerpt":{"rendered":"<p>Datenschutz Datenschutzerkl\u00e4rung \/ Privacy Policy Der Verein der G\u00e4stef\u00fchrer N\u00fcrnbergs &#8222;Die Stadtf\u00fchrer&#8220; e.V. (im Folgenden Verein) nimmt als Anbieter der WebSite www.nuernberg-tours.de und verantwortliche Stelle die Verpflichtung zum Datenschutz sehr ernst und gestaltet seine WebSite so, dass nur so wenige personenbezogene Daten wie n\u00f6tig erhoben, verarbeitet und genutzt werden. Unter keinen Umst\u00e4nden werden personenbezogene Daten&hellip;<\/p>","protected":false},"author":1,"featured_media":0,"parent":0,"menu_order":0,"comment_status":"closed","ping_status":"closed","template":"","meta":[],"class_list":["post-17","page","type-page","status-publish","hentry","description-off"],"_links":{"self":[{"href":"https:\/\/www.nuernberg-tours.de\/en\/wp-json\/wp\/v2\/pages\/17","targetHints":{"allow":["GET"]}}],"collection":[{"href":"https:\/\/www.nuernberg-tours.de\/en\/wp-json\/wp\/v2\/pages"}],"about":[{"href":"https:\/\/www.nuernberg-tours.de\/en\/wp-json\/wp\/v2\/types\/page"}],"author":[{"embeddable":true,"href":"https:\/\/www.nuernberg-tours.de\/en\/wp-json\/wp\/v2\/users\/1"}],"replies":[{"embeddable":true,"href":"https:\/\/www.nuernberg-tours.de\/en\/wp-json\/wp\/v2\/comments?post=17"}],"version-history":[{"count":7,"href":"https:\/\/www.nuernberg-tours.de\/en\/wp-json\/wp\/v2\/pages\/17\/revisions"}],"predecessor-version":[{"id":252,"href":"https:\/\/www.nuernberg-tours.de\/en\/wp-json\/wp\/v2\/pages\/17\/revisions\/252"}],"wp:attachment":[{"href":"https:\/\/www.nuernberg-tours.de\/en\/wp-json\/wp\/v2\/media?parent=17"}],"curies":[{"name":"wp","href":"https:\/\/api.w.org\/{rel}","templated":true}]}}