{"id":22,"date":"2021-08-06T12:28:04","date_gmt":"2021-08-06T12:28:04","guid":{"rendered":"https:\/\/nt-frontend.smartbit-solutions.de\/?page_id=22"},"modified":"2025-11-25T17:29:16","modified_gmt":"2025-11-25T16:29:16","slug":"kontakt","status":"publish","type":"page","link":"https:\/\/www.nuernberg-tours.de\/en\/kontakt\/","title":{"rendered":"Contact"},"content":{"rendered":"<div class=\"vc_row wpb_row vc_row-fluid\"><div class=\"wpb_column vc_column_container vc_col-sm-8\"><div class=\"vc_column-inner\"><div class=\"wpb_wrapper\"><h2 style=\"font-size: 45px;text-align: left;font-family:Roboto;font-weight:400;font-style:normal\" class=\"vc_custom_heading vc_custom_1628496148288\" >Contact<\/h2>\n\t<div class=\"wpb_text_column wpb_content_element\" >\n\t\t<div class=\"wpb_wrapper\">\n\t\t\t<div id=\"c240\" class=\"frame frame-default frame-type-dce_dceuid2 frame-layout-0\">\n<div class=\"tx-dce-pi1\">\n<div class=\"dce-contact-box\">\n<div id=\"c264\" class=\"frame frame-default frame-type-header frame-layout-0\">\n<header>\n<div id=\"c264\" class=\"frame frame-default frame-type-header frame-layout-0\">\n<header>\n<h1 class=\"\"><\/h1>\n<\/header>\n<\/div>\n<div id=\"c240\" class=\"frame frame-default frame-type-dce_dceuid2 frame-layout-0\">\n<div class=\"tx-dce-pi1\">\n<div class=\"dce-contact-box\">\n<hr \/>\n<\/div>\n<div><\/div>\n<div class=\"dce-contact-box\">\n<div class=\"row\">\n<div class=\"col-md-8 col-sm-9 col-xs-12\">\n<p><b><img loading=\"lazy\" decoding=\"async\" class=\"alignleft size-full wp-image-161\" src=\"https:\/\/www.nuernberg-tours.de\/wp-content\/uploads\/2023\/07\/c_Asam-Martin.jpg\" alt=\"Claudia Asam-Martin\" width=\"100\" height=\"134\" \/>Office:<\/b>\u00a0Claudia Asam-Martin<\/p>\n<p><b>Phone<\/b>\u00a00170 \/ 1411223<\/p>\n<p><b>Email:<\/b>\u00a0<a>info@nuernberg-tours.de<\/a><\/p>\n<p><b>Adresse:<\/b>\u00a0Spitalgasse 22, 90403 N\u00fcrnberg<\/p>\n<p>&nbsp;<\/p>\n<\/div>\n<\/div>\n<\/div>\n<\/div>\n<\/div>\n<div id=\"c7\" class=\"frame frame-default frame-type-dce_dceuid2 frame-layout-0\">\n<div class=\"tx-dce-pi1\">\n<div class=\"dce-contact-box\">\n<hr \/>\n<div class=\"row\">\n<div><\/div>\n<div class=\"col-md-8 col-sm-9 col-xs-12\">\n<p><b>President:<\/b> <strong>Margit Schmidt-Pikulick<\/strong>i<\/p>\n<p><b>Phone<\/b> +49 (0)171 \/ 1940063<\/p>\n<p><b>Email:<\/b> margit.schmidt-pikulicki<a>(at)nuernberg-tours.de<\/a><\/p>\n<p>&nbsp;<\/p>\n<\/div>\n<\/div>\n<\/div>\n<\/div>\n<\/div>\n<div id=\"c273\" class=\"frame frame-default frame-type-dce_dceuid2 frame-layout-0\">\n<div class=\"tx-dce-pi1\">\n<div class=\"dce-contact-box\">\n<hr \/>\n<div class=\"row\">\n<div><\/div>\n<div><\/div>\n<div class=\"col-xs-12 col-md-2 col-sm-3 m-b-10 image\"><\/div>\n<div class=\"col-md-8 col-sm-9 col-xs-12\">\n<p><b><img loading=\"lazy\" decoding=\"async\" class=\"alignleft wp-image-564\" src=\"https:\/\/www.nuernberg-tours.de\/wp-content\/uploads\/2025\/11\/Klaus-Geier-150x150.jpeg\" alt=\"\" width=\"103\" height=\"103\" \/><\/b><strong>Stellvertr. Vorsitzender: Klaus Thomas Geier<\/strong><\/p>\n<p><strong>Telefon<\/strong>: +49 (0)170 2280 934<\/p>\n<p><strong>E-Mail<\/strong>:\u00a0 \u00a0klaus.geier(at)nuernberg-tours.de<\/p>\n<p>&nbsp;<\/p>\n<p>&nbsp;<\/p>\n<p>&nbsp;<\/p>\n<\/div>\n<\/div>\n<\/div>\n<\/div>\n<\/div>\n<div id=\"c67\" class=\"frame frame-default frame-type-dce_dceuid2 frame-layout-0\">\n<div class=\"tx-dce-pi1\">\n<div class=\"dce-contact-box\">\n<hr \/>\n<div class=\"row\">\n<div><\/div>\n<div class=\"col-md-8 col-sm-9 col-xs-12\">\n<p><b><img loading=\"lazy\" decoding=\"async\" class=\"alignleft wp-image-245\" src=\"https:\/\/www.nuernberg-tours.de\/wp-content\/uploads\/2025\/03\/Linke-Sandy-300x300.jpg\" alt=\"\" width=\"103\" height=\"103\" srcset=\"https:\/\/www.nuernberg-tours.de\/wp-content\/uploads\/2025\/03\/Linke-Sandy-300x300.jpg 300w, https:\/\/www.nuernberg-tours.de\/wp-content\/uploads\/2025\/03\/Linke-Sandy-1024x1024.jpg 1024w, https:\/\/www.nuernberg-tours.de\/wp-content\/uploads\/2025\/03\/Linke-Sandy-150x150.jpg 150w, https:\/\/www.nuernberg-tours.de\/wp-content\/uploads\/2025\/03\/Linke-Sandy-768x768.jpg 768w, https:\/\/www.nuernberg-tours.de\/wp-content\/uploads\/2025\/03\/Linke-Sandy-1536x1536.jpg 1536w, https:\/\/www.nuernberg-tours.de\/wp-content\/uploads\/2025\/03\/Linke-Sandy-2048x2048.jpg 2048w, https:\/\/www.nuernberg-tours.de\/wp-content\/uploads\/2025\/03\/Linke-Sandy-12x12.jpg 12w\" sizes=\"auto, (max-width: 103px) 100vw, 103px\" \/>Stellvertr. Vorsitzende: <\/b>Sandy Linke<\/p>\n<p><b>Phone <\/b>+49 (0) 172 623 8390 <b><br \/>\n<\/b><\/p>\n<p><b>Email: <\/b>sandy.linke(at)nuernberg-tours.de<\/p>\n<\/div>\n<\/div>\n<p>&nbsp;<\/p>\n<p>&nbsp;<\/p>\n<\/div>\n<\/div>\n<\/div>\n<div id=\"c69\" class=\"frame frame-default frame-type-dce_dceuid2 frame-layout-0\">\n<div class=\"tx-dce-pi1\">\n<div class=\"dce-contact-box\">\n<hr \/>\n<div class=\"row\">\n<div style=\"text-align: left;\"><\/div>\n<div class=\"col-md-8 col-sm-9 col-xs-12\">\n<p style=\"text-align: left;\"><b><img loading=\"lazy\" decoding=\"async\" class=\"alignleft size-full wp-image-163\" src=\"https:\/\/www.nuernberg-tours.de\/wp-content\/uploads\/2023\/07\/a_Hofmann.jpg\" alt=\"Anette Hofmann\" width=\"100\" height=\"149\" \/>Treasurer:<\/b>\u00a0Annette Hofmann<\/p>\n<p><b>Phone<\/b>\u00a0+49 (0)172 \/ 1047222<\/p>\n<p><b>Email:<\/b>\u00a0<a>annette.hofmann(at)nuernberg-tours.de<\/a><\/p>\n<\/div>\n<\/div>\n<p>&nbsp;<\/p>\n<p>&nbsp;<\/p>\n<p>&nbsp;<\/p>\n<\/div>\n<\/div>\n<\/div>\n<div id=\"c68\" class=\"frame frame-default frame-type-dce_dceuid2 frame-layout-0\">\n<div class=\"tx-dce-pi1\">\n<div class=\"dce-contact-box\">\n<hr \/>\n<div class=\"row\">\n<div><\/div>\n<div class=\"col-md-8 col-sm-9 col-xs-12\">\n<p><b><img loading=\"lazy\" decoding=\"async\" class=\"alignleft wp-image-247\" src=\"https:\/\/www.nuernberg-tours.de\/wp-content\/uploads\/2025\/03\/Stauss-Gabi.jpg\" alt=\"\" width=\"108\" height=\"108\" srcset=\"https:\/\/www.nuernberg-tours.de\/wp-content\/uploads\/2025\/03\/Stauss-Gabi.jpg 100w, https:\/\/www.nuernberg-tours.de\/wp-content\/uploads\/2025\/03\/Stauss-Gabi-12x12.jpg 12w\" sizes=\"auto, (max-width: 108px) 100vw, 108px\" \/>Secretary:<\/b> Gabriele Stau\u00df<\/p>\n<p><b>Phone<\/b> +49 (0)173 \/ 3401435<\/p>\n<p><b>Email:<\/b> gabi.Stauss<a>(at)nuernberg-tours.de<\/a><\/p>\n<\/div>\n<\/div>\n<\/div>\n<\/div>\n<\/div>\n<\/header>\n<\/div>\n<\/div>\n<\/div>\n<\/div>\n\n\t\t<\/div>\n\t<\/div>\n<\/div><\/div><\/div><div class=\"wpb_column vc_column_container vc_col-sm-4\"><div class=\"vc_column-inner vc_custom_1689762926092\"><div class=\"wpb_wrapper\">\n\t<div class=\"wpb_text_column wpb_content_element\" >\n\t\t<div class=\"wpb_wrapper\">\n\t\t\t<p>If you would like to join a guided tour for individuals, please come to the specified meeting point on one of the fixed dates. You can schedule an appointment for a group tour either directly with one of the tour guides specified during the respective tour or through the Verein der G\u00e4stef\u00fchrer N\u00fcrnbergs e.V.<\/p>\n\n\t\t<\/div>\n\t<\/div>\n<\/div><\/div><\/div><\/div><div class=\"vc_row wpb_row vc_row-fluid\"><div class=\"wpb_column vc_column_container vc_col-sm-12\"><div class=\"vc_column-inner\"><div class=\"wpb_wrapper\">\n\t<div class=\"wpb_text_column wpb_content_element\" >\n\t\t<div class=\"wpb_wrapper\">\n\t\t\t\n\t\t<\/div>\n\t<\/div>\n<\/div><\/div><\/div><\/div><!-- \/wp:post-content -->","protected":false},"excerpt":{"rendered":"<p>Kontakt B\u00fcro:\u00a0Claudia Asam-Martin Telefon:\u00a00170 \/ 1411223 E-Mail:\u00a0info(at)nuernberg-tours.de Adresse:\u00a0Spitalgasse 22, 90403 N\u00fcrnberg &nbsp; Vorsitzende: Margit Schmidt-Pikulicki Telefon: +49 (0)171 \/ 1940063 E-Mail: margit.schmidt-pikulicki(at)nuernberg-tours.de &nbsp; Stellvertr. Vorsitzender: Klaus Thomas Geier Telefon: +49 (0)170 2280 934 E-Mail:\u00a0 \u00a0klaus.geier(at)nuernberg-tours.de &nbsp; &nbsp; &nbsp; Stellvertr. Vorsitzende: Sandy Linke Telefon: +49 (0) 172 623 8390 E-Mail: sandy.linke(at)nuernberg-tours.de &nbsp; &nbsp; Schatzmeisterin:\u00a0Annette Hofmann Telefon:\u00a0+49&hellip;<\/p>","protected":false},"author":1,"featured_media":0,"parent":0,"menu_order":0,"comment_status":"closed","ping_status":"closed","template":"","meta":[],"class_list":["post-22","page","type-page","status-publish","hentry","description-off"],"_links":{"self":[{"href":"https:\/\/www.nuernberg-tours.de\/en\/wp-json\/wp\/v2\/pages\/22","targetHints":{"allow":["GET"]}}],"collection":[{"href":"https:\/\/www.nuernberg-tours.de\/en\/wp-json\/wp\/v2\/pages"}],"about":[{"href":"https:\/\/www.nuernberg-tours.de\/en\/wp-json\/wp\/v2\/types\/page"}],"author":[{"embeddable":true,"href":"https:\/\/www.nuernberg-tours.de\/en\/wp-json\/wp\/v2\/users\/1"}],"replies":[{"embeddable":true,"href":"https:\/\/www.nuernberg-tours.de\/en\/wp-json\/wp\/v2\/comments?post=22"}],"version-history":[{"count":24,"href":"https:\/\/www.nuernberg-tours.de\/en\/wp-json\/wp\/v2\/pages\/22\/revisions"}],"predecessor-version":[{"id":566,"href":"https:\/\/www.nuernberg-tours.de\/en\/wp-json\/wp\/v2\/pages\/22\/revisions\/566"}],"wp:attachment":[{"href":"https:\/\/www.nuernberg-tours.de\/en\/wp-json\/wp\/v2\/media?parent=22"}],"curies":[{"name":"wp","href":"https:\/\/api.w.org\/{rel}","templated":true}]}}