{"id":383,"date":"2025-10-02T13:01:58","date_gmt":"2025-10-02T11:01:58","guid":{"rendered":"https:\/\/www.nuernberg-tours.de\/?page_id=383"},"modified":"2025-10-02T13:01:58","modified_gmt":"2025-10-02T11:01:58","slug":"leichte-sprache","status":"publish","type":"page","link":"https:\/\/www.nuernberg-tours.de\/en\/leichte-sprache\/","title":{"rendered":"Easy Language"},"content":{"rendered":"<h1>Easy Language<\/h1>\n<p>&nbsp;<\/p>\n<h2>Welcome to Nuremberg Tours<\/h2>\n<p class=\"translation-block\">Thank you for visiting our website!<br>\nThis site is written in <strong>easy language<\/strong>.<br>\nThis makes it easy for everyone to understand the information.<\/p>\n<p>&nbsp;<\/p>\n<h2>What is Nuremberg Tours?<\/h2>\n<p class=\"translation-block\"><strong>Nuremberg Tours<\/strong> offers <strong>city tours<\/strong> and <strong>excursions<\/strong> in and around <strong>Nuremberg<\/strong>.\nWe will show you the <strong>most beautiful places<\/strong> in the city.\nYou will learn a lot about the history of <strong>Nuremberg<\/strong>.<\/p>\n<p>&nbsp;<\/p>\n<h2>What can you do with us?<\/h2>\n<ul>\n<li class=\"translation-block\"><strong>City tours<\/strong>: We will guide you through the city and tell you exciting stories.<\/li>\n<li class=\"translation-block\"><strong>Themed tours<\/strong>: For example, a tour of the <strong>castles<\/strong> or a <strong>culinary tour<\/strong>.<\/li>\n<li class=\"translation-block\"><strong>Guided tours for groups<\/strong>: If you are traveling with a group, we offer guided tours for groups.<\/li>\n<\/ul>\n<p>&nbsp;<\/p>\n<h2>How can you book a tour?<\/h2>\n<ul>\n<li class=\"translation-block\">You can book directly on our website.<\/li>\n<li class=\"translation-block\">You can also call us or send us an <strong>email<\/strong>.<\/li>\n<li>We are happy to help you book your tour.<\/li>\n<\/ul>\n<p>&nbsp;<\/p>\n<h2>Our address<\/h2>\n<p><strong>Verein der G\u00e4stef\u00fchrer N\u00fcrnbergs \u201eDie Stadtf\u00fchrer\u201c e.V.<br \/>\n<\/strong>Spitalgasse 22<br \/>\n90403 N\u00fcrnberg<\/p>\n<p>Phone: 0170 \/ 1411223<br \/>\nEmail: <a href=\"mailto:info@nuernberg-tours.de\">info@nuernberg-tours.de<\/a><\/p>\n<p>&nbsp;<\/p>\n<h2>Do you have any questions?<\/h2>\n<p class=\"translation-block\">If you have any questions, please call us. <br>\nOr send us an email. <br>\nWe will answer all your questions.<\/p>\n<p><strong>We look forward to showing you Nuremberg!<\/strong><\/p>","protected":false},"excerpt":{"rendered":"<p>Leichte Sprache &nbsp; Willkommen bei N\u00fcrnberg Tours Sch\u00f6n, dass Sie unsere Internet-Seite besuchen! Diese Seite ist in Leichter Sprache. So k\u00f6nnen alle Menschen die Informationen einfach verstehen. &nbsp; Was ist N\u00fcrnberg Tours? N\u00fcrnberg Tours bietet Stadtf\u00fchrungen und Touren in und um N\u00fcrnberg. Wir zeigen Ihnen die sch\u00f6nsten Orte in der Stadt. Sie erfahren viel \u00fcber&hellip;<\/p>","protected":false},"author":1,"featured_media":0,"parent":0,"menu_order":0,"comment_status":"closed","ping_status":"closed","template":"","meta":[],"class_list":["post-383","page","type-page","status-publish","hentry","description-off"],"_links":{"self":[{"href":"https:\/\/www.nuernberg-tours.de\/en\/wp-json\/wp\/v2\/pages\/383","targetHints":{"allow":["GET"]}}],"collection":[{"href":"https:\/\/www.nuernberg-tours.de\/en\/wp-json\/wp\/v2\/pages"}],"about":[{"href":"https:\/\/www.nuernberg-tours.de\/en\/wp-json\/wp\/v2\/types\/page"}],"author":[{"embeddable":true,"href":"https:\/\/www.nuernberg-tours.de\/en\/wp-json\/wp\/v2\/users\/1"}],"replies":[{"embeddable":true,"href":"https:\/\/www.nuernberg-tours.de\/en\/wp-json\/wp\/v2\/comments?post=383"}],"version-history":[{"count":8,"href":"https:\/\/www.nuernberg-tours.de\/en\/wp-json\/wp\/v2\/pages\/383\/revisions"}],"predecessor-version":[{"id":394,"href":"https:\/\/www.nuernberg-tours.de\/en\/wp-json\/wp\/v2\/pages\/383\/revisions\/394"}],"wp:attachment":[{"href":"https:\/\/www.nuernberg-tours.de\/en\/wp-json\/wp\/v2\/media?parent=383"}],"curies":[{"name":"wp","href":"https:\/\/api.w.org\/{rel}","templated":true}]}}