{"id":79,"date":"2021-08-10T16:07:33","date_gmt":"2021-08-10T14:07:33","guid":{"rendered":"https:\/\/nt-frontend.smartbit-solutions.de\/?page_id=79"},"modified":"2023-07-19T13:21:45","modified_gmt":"2023-07-19T11:21:45","slug":"foreign-languages","status":"publish","type":"page","link":"https:\/\/www.nuernberg-tours.de\/en\/foreign-languages\/","title":{"rendered":"Foreign Languages"},"content":{"rendered":"<div class=\"vc_row wpb_row vc_row-fluid\"><div class=\"wpb_column vc_column_container vc_col-sm-12\"><div class=\"vc_column-inner vc_custom_1630074722489\"><div class=\"wpb_wrapper\">\n\t<div id=\"flag-banner\" class=\"wpb_single_image wpb_content_element vc_align_left  vc_custom_1630077990634\">\n\t\t\n\t\t<figure class=\"wpb_wrapper vc_figure\">\n\t\t\t<div class=\"vc_single_image-wrapper   vc_box_border_grey\"><img loading=\"lazy\" decoding=\"async\" class=\"vc_single_image-img\" src=\"https:\/\/www.nuernberg-tours.de\/wp-content\/uploads\/2021\/08\/flag-banner-1200x300.jpg\" width=\"1200\" height=\"300\" alt=\"flag-banner\" title=\"flag-banner\"  data-dt-location=\"https:\/\/www.nuernberg-tours.de\/en\/foreign-languages\/flag-banner\/\" \/><\/div>\n\t\t<\/figure>\n\t<\/div>\n<div class=\"vc_row wpb_row vc_inner vc_row-fluid vc_custom_1630393347253\"><div class=\"wpb_column vc_column_container vc_col-sm-12 vc_col-lg-offset-0 vc_col-md-offset-0 vc_col-sm-offset-0 vc_col-has-fill\"><div class=\"vc_column-inner vc_custom_1630079691271\"><div class=\"wpb_wrapper\"><div id=\"ultimate-heading-235269e0211328243\" class=\"uvc-heading ult-adjust-bottom-margin ultimate-heading-235269e0211328243 uvc-2429\" data-hspacer=\"no_spacer\"  data-halign=\"left\" style=\"text-align:left\"><div class=\"uvc-heading-spacer no_spacer\" style=\"top\"><\/div><div class=\"uvc-main-heading ult-responsive\"  data-ultimate-target='.uvc-heading.ultimate-heading-235269e0211328243 h2'  data-responsive-json-new='{\"font-size\":\"desktop:16px;\",\"line-height\":\"desktop:26px;\"}' ><h2 style=\"--font-weight:theme;color:#ffffff;margin-bottom:10px;\">DIE STADTFUHRER<\/h2><\/div><\/div><div id=\"ultimate-heading-184069e0211328283\" class=\"uvc-heading ult-adjust-bottom-margin ultimate-heading-184069e0211328283 uvc-7685\" data-hspacer=\"no_spacer\"  data-halign=\"left\" style=\"text-align:left\"><div class=\"uvc-heading-spacer no_spacer\" style=\"top\"><\/div><div class=\"uvc-main-heading ult-responsive\"  data-ultimate-target='.uvc-heading.ultimate-heading-184069e0211328283 h2'  data-responsive-json-new='{\"font-size\":\"desktop:44px;\",\"line-height\":\"desktop:54px;\"}' ><h2 style=\"--font-weight:theme;color:#ffffff;\">Foreign Languages<\/h2><\/div><\/div><\/div><\/div><\/div><\/div><\/div><\/div><\/div><\/div><div class=\"vc_row wpb_row vc_row-fluid\"><div class=\"wpb_column vc_column_container vc_col-sm-12\"><div class=\"vc_column-inner\"><div class=\"wpb_wrapper\">\n\t<div class=\"wpb_text_column wpb_content_element\" >\n\t\t<div class=\"wpb_wrapper\">\n\t\t\t<style>\n#foreignLanguages .gal-img {\n    width: 70%;\n    height: auto !important;\n}\n\n#foreignLanguages .gal-img img {\n    width: 100%;\n    object-fit: cover;\n    object-position: top;\n    background-color: #818181;\n    padding: 30px 43px;\n}\n\n#foreignLanguages .img-text span {\n    padding: 11px;\n    color: #808080 !important;\n    border-bottom: 4px solid #b4b5b4;\n    display: block;\n    text-decoration: none;\n}\n\n#foreignLanguages .img-text span:hover {\n    border-bottom: 4px solid #a50f2a;\n    background: #dc183b;\n    color: #ffffff !important;\n    text-decoration: none;\n}\n\n#foreignLanguages .img-text {\n    height: 51px;\n    margin-top: -10px;\n    font-size: 17px;\n}\n\n#foreignLanguages .img-text span a {\n    height: 25px;\n    text-decoration: none;\n    color: #808080 !important;\n}\n\n#foreignLanguages .img-text:hover span a {\n    color: #fff !important;\n}\n\n#foreignLanguages .image-zoom:hover .img-text span {\n    border-bottom: 4px solid #a50f2a;\n    color: #fff !important;\n}\n\n#foreignLanguages .image-zoom:hover .img-text span a {\n    color: #fff !important;\n    text-decoration: none !important;\n}\n\n#foreignLanguages .image-zoom:hover span {\n    background-color: #db1e3d;\n    color: #fff !important;\n}\n<\/style>\n<div class=\"wpb_column vc_column_container vc_col-sm-12\" id=\"foreignLanguages\">\n        <a class=\"vc_col-3 vc_col-lg-3\" style=\"padding: 15px 5px;\" href=\"https:\/\/www.nuernberg-tours.de\/en\/foreign-language-tours\/65b6c2a6-bd7c-4866-8529-b5a7e19c3562\/\">\n        <div class=\"image-zoom\">\n            <div class=\"gal-img\">\n                <img decoding=\"async\" class=\"img-fluid\" title=\"Deutsch\" alt=\"Deutsch\" src=\"https:\/\/ntbeta-back.zollner-it.de\/uploads\/flags\/German_1619793203.png\" style=\"height:135px;width:203px;\">\n            <\/div>\n            <div class=\"img-text\">\n                <span>Deutsch<\/span>\n            <\/div>\n        <\/div>\n    <\/a>\n        <a class=\"vc_col-3 vc_col-lg-3\" style=\"padding: 15px 5px;\" href=\"https:\/\/www.nuernberg-tours.de\/en\/foreign-language-tours\/88da0d0a-de20-47e5-93dd-b718980b802f\/\">\n        <div class=\"image-zoom\">\n            <div class=\"gal-img\">\n                <img decoding=\"async\" class=\"img-fluid\" title=\"English\" alt=\"English\" src=\"https:\/\/ntbeta-back.zollner-it.de\/uploads\/flags\/English_1619793191.png\" style=\"height:135px;width:203px;\">\n            <\/div>\n            <div class=\"img-text\">\n                <span>English<\/span>\n            <\/div>\n        <\/div>\n    <\/a>\n        <a class=\"vc_col-3 vc_col-lg-3\" style=\"padding: 15px 5px;\" href=\"https:\/\/www.nuernberg-tours.de\/en\/foreign-language-tours\/1648220f-8e26-4cff-bd47-f0d5966c6751\/\">\n        <div class=\"image-zoom\">\n            <div class=\"gal-img\">\n                <img decoding=\"async\" class=\"img-fluid\" title=\"Espa\u00f1ol\" alt=\"Espa\u00f1ol\" src=\"https:\/\/ntbeta-back.zollner-it.de\/uploads\/flags\/Espa\u00f1ol_1619793632.png\" style=\"height:135px;width:203px;\">\n            <\/div>\n            <div class=\"img-text\">\n                <span>Espa\u00f1ol<\/span>\n            <\/div>\n        <\/div>\n    <\/a>\n        <a class=\"vc_col-3 vc_col-lg-3\" style=\"padding: 15px 5px;\" href=\"https:\/\/www.nuernberg-tours.de\/en\/foreign-language-tours\/303a41b9-17a7-4b79-ac27-0ce8e28b2652\/\">\n        <div class=\"image-zoom\">\n            <div class=\"gal-img\">\n                <img decoding=\"async\" class=\"img-fluid\" title=\"Nederlands\" alt=\"Nederlands\" src=\"https:\/\/ntbeta-back.zollner-it.de\/uploads\/flags\/Nederlands_1619793660.png\" style=\"height:135px;width:203px;\">\n            <\/div>\n            <div class=\"img-text\">\n                <span>Nederlands<\/span>\n            <\/div>\n        <\/div>\n    <\/a>\n        <a class=\"vc_col-3 vc_col-lg-3\" style=\"padding: 15px 5px;\" href=\"https:\/\/www.nuernberg-tours.de\/en\/foreign-language-tours\/4a417376-a558-4dd5-8884-72cda2ab2675\/\">\n        <div class=\"image-zoom\">\n            <div class=\"gal-img\">\n                <img decoding=\"async\" class=\"img-fluid\" title=\"Polski\" alt=\"Polski\" src=\"https:\/\/ntbeta-back.zollner-it.de\/uploads\/flags\/Polski_1619793729.png\" style=\"height:135px;width:203px;\">\n            <\/div>\n            <div class=\"img-text\">\n                <span>Polski<\/span>\n            <\/div>\n        <\/div>\n    <\/a>\n        <a class=\"vc_col-3 vc_col-lg-3\" style=\"padding: 15px 5px;\" href=\"https:\/\/www.nuernberg-tours.de\/en\/foreign-language-tours\/09cf43cf-25f5-4568-9322-10401cea9b2a\/\">\n        <div class=\"image-zoom\">\n            <div class=\"gal-img\">\n                <img decoding=\"async\" class=\"img-fluid\" title=\"Svenska\" alt=\"Svenska\" src=\"https:\/\/ntbeta-back.zollner-it.de\/uploads\/flags\/Svenska_1619793818.png\" style=\"height:135px;width:203px;\">\n            <\/div>\n            <div class=\"img-text\">\n                <span>Svenska<\/span>\n            <\/div>\n        <\/div>\n    <\/a>\n        <a class=\"vc_col-3 vc_col-lg-3\" style=\"padding: 15px 5px;\" href=\"https:\/\/www.nuernberg-tours.de\/en\/foreign-language-tours\/46e215ab-2bff-44a5-b524-42ba428cec8f\/\">\n        <div class=\"image-zoom\">\n            <div class=\"gal-img\">\n                <img decoding=\"async\" class=\"img-fluid\" title=\"Slovensky\" alt=\"Slovensky\" src=\"https:\/\/ntbeta-back.zollner-it.de\/uploads\/flags\/Slovensky_1619793745.png\" style=\"height:135px;width:203px;\">\n            <\/div>\n            <div class=\"img-text\">\n                <span>Slovensky<\/span>\n            <\/div>\n        <\/div>\n    <\/a>\n        <a class=\"vc_col-3 vc_col-lg-3\" style=\"padding: 15px 5px;\" href=\"https:\/\/www.nuernberg-tours.de\/en\/foreign-language-tours\/74a6f180-96fe-418b-805c-2d8392bf5078\/\">\n        <div class=\"image-zoom\">\n            <div class=\"gal-img\">\n                <img decoding=\"async\" class=\"img-fluid\" title=\"Fran\u00e7ais\" alt=\"Fran\u00e7ais\" src=\"https:\/\/ntbeta-back.zollner-it.de\/uploads\/flags\/Fran\u00e7ais_1619793388.png\" style=\"height:135px;width:203px;\">\n            <\/div>\n            <div class=\"img-text\">\n                <span>Fran\u00e7ais<\/span>\n            <\/div>\n        <\/div>\n    <\/a>\n        <a class=\"vc_col-3 vc_col-lg-3\" style=\"padding: 15px 5px;\" href=\"https:\/\/www.nuernberg-tours.de\/en\/foreign-language-tours\/87edd618-2ea0-490b-9168-e365f02510d7\/\">\n        <div class=\"image-zoom\">\n            <div class=\"gal-img\">\n                <img decoding=\"async\" class=\"img-fluid\" title=\"Fr\u00e4nkisch\" alt=\"Fr\u00e4nkisch\" src=\"https:\/\/ntbeta-back.zollner-it.de\/uploads\/flags\/Fr\u00e4nkisch_1619793355.png\" style=\"height:135px;width:203px;\">\n            <\/div>\n            <div class=\"img-text\">\n                <span>Fr\u00e4nkisch<\/span>\n            <\/div>\n        <\/div>\n    <\/a>\n        <a class=\"vc_col-3 vc_col-lg-3\" style=\"padding: 15px 5px;\" href=\"https:\/\/www.nuernberg-tours.de\/en\/foreign-language-tours\/06713923-3412-45cb-8deb-b3c5a017c23f\/\">\n        <div class=\"image-zoom\">\n            <div class=\"gal-img\">\n                <img decoding=\"async\" class=\"img-fluid\" title=\"Hrvatski\" alt=\"Hrvatski\" src=\"https:\/\/ntbeta-back.zollner-it.de\/uploads\/flags\/Hrvatski_1619793718.png\" style=\"height:135px;width:203px;\">\n            <\/div>\n            <div class=\"img-text\">\n                <span>Hrvatski<\/span>\n            <\/div>\n        <\/div>\n    <\/a>\n        <a class=\"vc_col-3 vc_col-lg-3\" style=\"padding: 15px 5px;\" href=\"https:\/\/www.nuernberg-tours.de\/en\/foreign-language-tours\/8d6b162a-0b4f-48b5-afc2-1aaef2c0581f\/\">\n        <div class=\"image-zoom\">\n            <div class=\"gal-img\">\n                <img decoding=\"async\" class=\"img-fluid\" title=\"T\u00fcrk\" alt=\"T\u00fcrk\" src=\"https:\/\/ntbeta-back.zollner-it.de\/uploads\/flags\/T\u00fcrk_1619793830.png\" style=\"height:135px;width:203px;\">\n            <\/div>\n            <div class=\"img-text\">\n                <span>T\u00fcrk<\/span>\n            <\/div>\n        <\/div>\n    <\/a>\n        <a class=\"vc_col-3 vc_col-lg-3\" style=\"padding: 15px 5px;\" href=\"https:\/\/www.nuernberg-tours.de\/en\/foreign-language-tours\/95dee775-4480-48ee-9be9-7897e6e82432\/\">\n        <div class=\"image-zoom\">\n            <div class=\"gal-img\">\n                <img decoding=\"async\" class=\"img-fluid\" title=\"\u010ce\u0161tina\" alt=\"\u010ce\u0161tina\" src=\"https:\/\/ntbeta-back.zollner-it.de\/uploads\/flags\/\u010ce\u0161tina_1619793773.png\" style=\"height:135px;width:203px;\">\n            <\/div>\n            <div class=\"img-text\">\n                <span>\u010ce\u0161tina<\/span>\n            <\/div>\n        <\/div>\n    <\/a>\n        <a class=\"vc_col-3 vc_col-lg-3\" style=\"padding: 15px 5px;\" href=\"https:\/\/www.nuernberg-tours.de\/en\/foreign-language-tours\/09516128-c21b-42b1-8d17-6ae97161a3aa\/\">\n        <div class=\"image-zoom\">\n            <div class=\"gal-img\">\n                <img decoding=\"async\" class=\"img-fluid\" title=\"\u0423\u043a\u0440\u0430\u0457\u043d\u0441\u044c\u043a\u0430\" alt=\"\u0423\u043a\u0440\u0430\u0457\u043d\u0441\u044c\u043a\u0430\" src=\"https:\/\/ntbeta-back.zollner-it.de\/uploads\/flags\/\u0423\u043a\u0440\u0430\u0457\u043d\u0441\u044c\u043a\u0430_1619793840.png\" style=\"height:135px;width:203px;\">\n            <\/div>\n            <div class=\"img-text\">\n                <span>\u0423\u043a\u0440\u0430\u0457\u043d\u0441\u044c\u043a\u0430<\/span>\n            <\/div>\n        <\/div>\n    <\/a>\n        <a class=\"vc_col-3 vc_col-lg-3\" style=\"padding: 15px 5px;\" href=\"https:\/\/www.nuernberg-tours.de\/en\/foreign-language-tours\/a70db0f6-b876-4035-b25c-0e4049735dac\/\">\n        <div class=\"image-zoom\">\n            <div class=\"gal-img\">\n                <img decoding=\"async\" class=\"img-fluid\" title=\"Italiano\" alt=\"Italiano\" src=\"https:\/\/ntbeta-back.zollner-it.de\/uploads\/flags\/Italiano_1619793617.png\" style=\"height:135px;width:203px;\">\n            <\/div>\n            <div class=\"img-text\">\n                <span>Italiano<\/span>\n            <\/div>\n        <\/div>\n    <\/a>\n        <a class=\"vc_col-3 vc_col-lg-3\" style=\"padding: 15px 5px;\" href=\"https:\/\/www.nuernberg-tours.de\/en\/foreign-language-tours\/bf623ba0-4ece-4352-af9e-d581d6f3f647\/\">\n        <div class=\"image-zoom\">\n            <div class=\"gal-img\">\n                <img decoding=\"async\" class=\"img-fluid\" title=\"\u0441\u0440\u043f\u0441\u043a\u0438\" alt=\"\u0441\u0440\u043f\u0441\u043a\u0438\" src=\"https:\/\/ntbeta-back.zollner-it.de\/uploads\/flags\/\u0441\u0440\u043f\u0441\u043a\u0438_1619793791.png\" style=\"height:135px;width:203px;\">\n            <\/div>\n            <div class=\"img-text\">\n                <span>\u0441\u0440\u043f\u0441\u043a\u0438<\/span>\n            <\/div>\n        <\/div>\n    <\/a>\n        <a class=\"vc_col-3 vc_col-lg-3\" style=\"padding: 15px 5px;\" href=\"https:\/\/www.nuernberg-tours.de\/en\/foreign-language-tours\/f54ca192-48b4-4188-b91d-c4905f9ba434\/\">\n        <div class=\"image-zoom\">\n            <div class=\"gal-img\">\n                <img decoding=\"async\" class=\"img-fluid\" title=\"Sloven\u0161\u010dina\" alt=\"Sloven\u0161\u010dina\" src=\"https:\/\/ntbeta-back.zollner-it.de\/uploads\/flags\/Sloven\u0161\u010dina_1619793759.png\" style=\"height:135px;width:203px;\">\n            <\/div>\n            <div class=\"img-text\">\n                <span>Sloven\u0161\u010dina<\/span>\n            <\/div>\n        <\/div>\n    <\/a>\n        <a class=\"vc_col-3 vc_col-lg-3\" style=\"padding: 15px 5px;\" href=\"https:\/\/www.nuernberg-tours.de\/en\/foreign-language-tours\/5cbfb667-b758-4237-b1cc-b2e75aa123b9\/\">\n        <div class=\"image-zoom\">\n            <div class=\"gal-img\">\n                <img decoding=\"async\" class=\"img-fluid\" title=\"Indonesia\" alt=\"Indonesia\" src=\"https:\/\/ntbeta-back.zollner-it.de\/uploads\/flags\/Indonesia_1619793687.png\" style=\"height:135px;width:203px;\">\n            <\/div>\n            <div class=\"img-text\">\n                <span>Indonesia<\/span>\n            <\/div>\n        <\/div>\n    <\/a>\n        <a class=\"vc_col-3 vc_col-lg-3\" style=\"padding: 15px 5px;\" href=\"https:\/\/www.nuernberg-tours.de\/en\/foreign-language-tours\/fa08ff47-5820-4640-9b4e-12c554bfc877\/\">\n        <div class=\"image-zoom\">\n            <div class=\"gal-img\">\n                <img decoding=\"async\" class=\"img-fluid\" title=\"Magyar\" alt=\"Magyar\" src=\"https:\/\/ntbeta-back.zollner-it.de\/uploads\/flags\/Magyar_1619793645.png\" style=\"height:135px;width:203px;\">\n            <\/div>\n            <div class=\"img-text\">\n                <span>Magyar<\/span>\n            <\/div>\n        <\/div>\n    <\/a>\n        <a class=\"vc_col-3 vc_col-lg-3\" style=\"padding: 15px 5px;\" href=\"https:\/\/www.nuernberg-tours.de\/en\/foreign-language-tours\/999bc29f-e730-4840-bda6-8549f3457d47\/\">\n        <div class=\"image-zoom\">\n            <div class=\"gal-img\">\n                <img decoding=\"async\" class=\"img-fluid\" title=\"Suomeksi\" alt=\"Suomeksi\" src=\"https:\/\/ntbeta-back.zollner-it.de\/uploads\/flags\/Suomeksi_1619793803.png\" style=\"height:135px;width:203px;\">\n            <\/div>\n            <div class=\"img-text\">\n                <span>Suomeksi<\/span>\n            <\/div>\n        <\/div>\n    <\/a>\n        <a class=\"vc_col-3 vc_col-lg-3\" style=\"padding: 15px 5px;\" href=\"https:\/\/www.nuernberg-tours.de\/en\/foreign-language-tours\/670ab1f1-57b4-4a35-89bb-ad88f8d97731\/\">\n        <div class=\"image-zoom\">\n            <div class=\"gal-img\">\n                <img decoding=\"async\" class=\"img-fluid\" title=\"\u0411\u044a\u043b\u0433\u0430\u0440\u0441\u043a\u0438\" alt=\"\u0411\u044a\u043b\u0433\u0430\u0440\u0441\u043a\u0438\" src=\"https:\/\/ntbeta-back.zollner-it.de\/uploads\/flags\/Bulgarisch_1654354076.jpg\" style=\"height:135px;width:203px;\">\n            <\/div>\n            <div class=\"img-text\">\n                <span>\u0411\u044a\u043b\u0433\u0430\u0440\u0441\u043a\u0438<\/span>\n            <\/div>\n        <\/div>\n    <\/a>\n        <a class=\"vc_col-3 vc_col-lg-3\" style=\"padding: 15px 5px;\" href=\"https:\/\/www.nuernberg-tours.de\/en\/foreign-language-tours\/37c3b1c8-2b7b-4b87-b25f-7cccde1a7aa2\/\">\n        <div class=\"image-zoom\">\n            <div class=\"gal-img\">\n                <img decoding=\"async\" class=\"img-fluid\" title=\"\u65e5\u672c\u8a9e\" alt=\"\u65e5\u672c\u8a9e\" src=\"https:\/\/ntbeta-back.zollner-it.de\/uploads\/flags\/\u65e5\u672c\u8a9e_1619793699.png\" style=\"height:135px;width:203px;\">\n            <\/div>\n            <div class=\"img-text\">\n                <span>\u65e5\u672c\u8a9e<\/span>\n            <\/div>\n        <\/div>\n    <\/a>\n        <a class=\"vc_col-3 vc_col-lg-3\" style=\"padding: 15px 5px;\" href=\"https:\/\/www.nuernberg-tours.de\/en\/foreign-language-tours\/b016dfd3-95ca-45a2-886e-857e6f6f4040\/\">\n        <div class=\"image-zoom\">\n            <div class=\"gal-img\">\n                <img decoding=\"async\" class=\"img-fluid\" title=\"\u4e2d\u570b\u7684\" alt=\"\u4e2d\u570b\u7684\" src=\"https:\/\/ntbeta-back.zollner-it.de\/uploads\/flags\/\u4e2d\u570b\u7684_1619793330.png\" style=\"height:135px;width:203px;\">\n            <\/div>\n            <div class=\"img-text\">\n                <span>\u4e2d\u570b\u7684<\/span>\n            <\/div>\n        <\/div>\n    <\/a>\n        <a class=\"vc_col-3 vc_col-lg-3\" style=\"padding: 15px 5px;\" href=\"https:\/\/www.nuernberg-tours.de\/en\/foreign-language-tours\/285aedd5-0b9d-4d80-932e-a9cdfb0513cb\/\">\n        <div class=\"image-zoom\">\n            <div class=\"gal-img\">\n                <img decoding=\"async\" class=\"img-fluid\" title=\"P\u0443\u0441\u0441\u043a\u0438\u0439\" alt=\"P\u0443\u0441\u0441\u043a\u0438\u0439\" src=\"https:\/\/ntbeta-back.zollner-it.de\/uploads\/flags\/P\u0443\u0441\u0441\u043a\u0438\u0439_1619793672.png\" style=\"height:135px;width:203px;\">\n            <\/div>\n            <div class=\"img-text\">\n                <span>P\u0443\u0441\u0441\u043a\u0438\u0439<\/span>\n            <\/div>\n        <\/div>\n    <\/a>\n        <a class=\"vc_col-3 vc_col-lg-3\" style=\"padding: 15px 5px;\" href=\"https:\/\/www.nuernberg-tours.de\/en\/foreign-language-tours\/4eee904d-7b46-40eb-9efb-5c0070a6bc94\/\">\n        <div class=\"image-zoom\">\n            <div class=\"gal-img\">\n                <img decoding=\"async\" class=\"img-fluid\" title=\"Rom\u00e2n\u0103\" alt=\"Rom\u00e2n\u0103\" src=\"https:\/\/ntbeta-back.zollner-it.de\/uploads\/flags\/Rom\u00e2n\u0103_1689833336.png\" style=\"height:135px;width:203px;\">\n            <\/div>\n            <div class=\"img-text\">\n                <span>Rom\u00e2n\u0103<\/span>\n            <\/div>\n        <\/div>\n    <\/a>\n        <a class=\"vc_col-3 vc_col-lg-3\" style=\"padding: 15px 5px;\" href=\"https:\/\/www.nuernberg-tours.de\/en\/foreign-language-tours\/79e5969b-6b67-46a6-8adc-e778e598856d\/\">\n        <div class=\"image-zoom\">\n            <div class=\"gal-img\">\n                <img decoding=\"async\" class=\"img-fluid\" title=\"Portugu\u00eas\" alt=\"Portugu\u00eas\" src=\"https:\/\/ntbeta-back.zollner-it.de\/uploads\/flags\/portugiesisch_1685525111.jpeg\" style=\"height:135px;width:203px;\">\n            <\/div>\n            <div class=\"img-text\">\n                <span>Portugu\u00eas<\/span>\n            <\/div>\n        <\/div>\n    <\/a>\n        <a class=\"vc_col-3 vc_col-lg-3\" style=\"padding: 15px 5px;\" href=\"https:\/\/www.nuernberg-tours.de\/en\/foreign-language-tours\/14e47ddd-5c2f-440e-8332-a3e74505488a\/\">\n        <div class=\"image-zoom\">\n            <div class=\"gal-img\">\n                <img decoding=\"async\" class=\"img-fluid\" title=\"brasilianisch\" alt=\"brasilianisch\" src=\"https:\/\/ntbeta-back.zollner-it.de\/uploads\/flags\/brasilianisch_1768229209.jpeg\" style=\"height:135px;width:203px;\">\n            <\/div>\n            <div class=\"img-text\">\n                <span>brasilianisch<\/span>\n            <\/div>\n        <\/div>\n    <\/a>\n    <\/div>\n\n\n\t\t<\/div>\n\t<\/div>\n<\/div><\/div><\/div><\/div>","protected":false},"excerpt":{"rendered":"<p>DIE STADTFUHRERForeign Languages Deutsch English Espa\u00f1ol Nederlands Polski Svenska Slovensky Fran\u00e7ais Fr\u00e4nkisch Hrvatski T\u00fcrk \u010ce\u0161tina \u0423\u043a\u0440\u0430\u0457\u043d\u0441\u044c\u043a\u0430 Italiano \u0441\u0440\u043f\u0441\u043a\u0438 Sloven\u0161\u010dina Indonesia Magyar Suomeksi \u0411\u044a\u043b\u0433\u0430\u0440\u0441\u043a\u0438 \u65e5\u672c\u8a9e \u4e2d\u570b\u7684 P\u0443\u0441\u0441\u043a\u0438\u0439 Rom\u00e2n\u0103 Portugu\u00eas brasilianisch<\/p>","protected":false},"author":1,"featured_media":0,"parent":0,"menu_order":0,"comment_status":"closed","ping_status":"closed","template":"","meta":[],"class_list":["post-79","page","type-page","status-publish","hentry","description-off"],"_links":{"self":[{"href":"https:\/\/www.nuernberg-tours.de\/en\/wp-json\/wp\/v2\/pages\/79","targetHints":{"allow":["GET"]}}],"collection":[{"href":"https:\/\/www.nuernberg-tours.de\/en\/wp-json\/wp\/v2\/pages"}],"about":[{"href":"https:\/\/www.nuernberg-tours.de\/en\/wp-json\/wp\/v2\/types\/page"}],"author":[{"embeddable":true,"href":"https:\/\/www.nuernberg-tours.de\/en\/wp-json\/wp\/v2\/users\/1"}],"replies":[{"embeddable":true,"href":"https:\/\/www.nuernberg-tours.de\/en\/wp-json\/wp\/v2\/comments?post=79"}],"version-history":[{"count":9,"href":"https:\/\/www.nuernberg-tours.de\/en\/wp-json\/wp\/v2\/pages\/79\/revisions"}],"predecessor-version":[{"id":148,"href":"https:\/\/www.nuernberg-tours.de\/en\/wp-json\/wp\/v2\/pages\/79\/revisions\/148"}],"wp:attachment":[{"href":"https:\/\/www.nuernberg-tours.de\/en\/wp-json\/wp\/v2\/media?parent=79"}],"curies":[{"name":"wp","href":"https:\/\/api.w.org\/{rel}","templated":true}]}}